{"id":16163,"date":"2025-02-28T21:32:39","date_gmt":"2025-02-28T21:32:39","guid":{"rendered":"https:\/\/ndiolsikkim.com\/?post_type=product&#038;p=16163"},"modified":"2025-08-30T16:36:06","modified_gmt":"2025-08-30T16:36:06","slug":"pot-de-teinture","status":"publish","type":"product","link":"https:\/\/ndiolsikkim.com\/en\/product\/pot-de-teinture\/","title":{"rendered":"Pot de Teinture"},"content":{"rendered":"<div data-elementor-type=\"wp-post\" data-elementor-id=\"16163\" class=\"elementor elementor-16163\">\n\t\t\t\t<div class=\"wd-negative-gap elementor-element elementor-element-7edd5b3 wd-section-stretch opacity-video-bg e-flex e-con-boxed e-con e-parent\" data-id=\"7edd5b3\" data-element_type=\"container\" data-settings=\"{&quot;background_background&quot;:&quot;video&quot;,&quot;background_play_on_mobile&quot;:&quot;yes&quot;}\">\n\t\t\t\t\t<div class=\"e-con-inner\">\n\t\t<div class=\"elementor-element elementor-element-4c3bbcb e-con-full e-flex e-con e-child\" data-id=\"4c3bbcb\" data-element_type=\"container\" data-settings=\"{&quot;background_background&quot;:&quot;classic&quot;}\">\n\t\t\t\t<div class=\"elementor-element elementor-element-6f807ab wd-width-100 elementor-widget elementor-widget-wd_title\" data-id=\"6f807ab\" data-element_type=\"widget\" data-widget_type=\"wd_title.default\">\n\t\t\t\t<div class=\"elementor-widget-container\">\n\t\t\t\t\t\t\t<div class=\"title-wrapper wd-set-mb reset-last-child wd-title-color-white wd-title-style-simple wd-title-size-extra-large text-center\">\n\n\t\t\t\n\t\t\t<div class=\"liner-continer\">\n\t\t\t\t<h4 class=\"woodmart-title-container title wd-fontsize-xxxl\">Pot de Teinture<\/h4> \n\t\t\t\t\t\t\t<\/div>\n\n\t\t\t\t\t\t\t<div class=\"title-after_title reset-last-child wd-fontsize-s\">\n\t\t\t\t\t<p>Ce pot contient une teinture de barbe de qualit\u00e9 sup\u00e9rieure, sp\u00e9cialement con\u00e7ue pour les hommes souhaitant intensifier la couleur de leur barbe de mani\u00e8re naturelle et saine. La formule est \u00e0 base de henn\u00e9 noir premium, une poudre d'origine v\u00e9g\u00e9tale reconnue pour ses propri\u00e9t\u00e9s colorantes et ses bienfaits pour les poils.<\/p>\t\t\t\t<\/div>\n\t\t\t\t\t<\/div>\n\t\t\t\t\t\t<\/div>\n\t\t\t\t<\/div>\n\t\t<div class=\"wd-negative-gap elementor-element elementor-element-ff2389b e-flex e-con-boxed e-con e-child\" data-id=\"ff2389b\" data-element_type=\"container\">\n\t\t\t\t\t<div class=\"e-con-inner\">\n\t\t\t\t<div class=\"elementor-element elementor-element-14b2cb0 elementor-widget__width-auto elementor-widget elementor-widget-wd_button\" data-id=\"14b2cb0\" data-element_type=\"widget\" data-widget_type=\"wd_button.default\">\n\t\t\t\t<div class=\"elementor-widget-container\">\n\t\t\t\t\t\t\t<div class=\"wd-button-wrapper text-center\" >\n\t\t\t<a class=\"btn btn-style-default btn-shape-rectangle btn-size-default btn-color-white btn-icon-pos-right\"  href=\"#\">\n\t\t\t\t<span class=\"wd-btn-text\" data-elementor-setting-key=\"text\">\n\t\t\t\t\tADD TO CART\t\t\t\t<\/span>\n\n\t\t\t\t\t\t\t<\/a>\n\t\t<\/div>\n\t\t\t\t\t\t<\/div>\n\t\t\t\t<\/div>\n\t\t\t\t<div class=\"elementor-element elementor-element-7fe91f2 elementor-widget__width-auto elementor-widget elementor-widget-wd_button\" data-id=\"7fe91f2\" data-element_type=\"widget\" data-widget_type=\"wd_button.default\">\n\t\t\t\t<div class=\"elementor-widget-container\">\n\t\t\t\t\t\t\t<div class=\"wd-button-wrapper text-center\" >\n\t\t\t<a class=\"btn btn-style-bordered btn-shape-rectangle btn-size-default btn-color-white btn-icon-pos-right\"  href=\"https:\/\/ndiolsikkim.com\/en\/shop\/\">\n\t\t\t\t<span class=\"wd-btn-text\" data-elementor-setting-key=\"text\">\n\t\t\t\t\tVIEW MORE\t\t\t\t<\/span>\n\n\t\t\t\t\t\t\t<\/a>\n\t\t<\/div>\n\t\t\t\t\t\t<\/div>\n\t\t\t\t<\/div>\n\t\t\t\t\t<\/div>\n\t\t\t\t<\/div>\n\t\t\t\t<\/div>\n\t\t\t\t\t<\/div>\n\t\t\t\t<\/div>\n\t\t<div class=\"wd-negative-gap elementor-element elementor-element-c688935 e-flex e-con-boxed e-con e-parent\" data-id=\"c688935\" data-element_type=\"container\">\n\t\t\t\t\t<div class=\"e-con-inner\">\n\t\t<div class=\"elementor-element elementor-element-b9ead4d e-con-full e-flex e-con e-child\" data-id=\"b9ead4d\" data-element_type=\"container\">\n\t\t\t\t<div class=\"elementor-element elementor-element-e9d3312 wd-width-100 elementor-widget elementor-widget-wd_title\" data-id=\"e9d3312\" data-element_type=\"widget\" data-widget_type=\"wd_title.default\">\n\t\t\t\t<div class=\"elementor-widget-container\">\n\t\t\t\t\t\t\t<div class=\"title-wrapper wd-set-mb reset-last-child wd-title-color-default wd-title-style-default wd-title-size-extra-large text-left\">\n\n\t\t\t\n\t\t\t<div class=\"liner-continer\">\n\t\t\t\t<h4 class=\"woodmart-title-container title wd-fontsize-xxxl\">Suggested use<\/h4> \n\t\t\t\t\t\t\t<\/div>\n\n\t\t\t\t\t\t\t<div class=\"title-after_title reset-last-child wd-fontsize-s\">\n\t\t\t\t\t<p>Frequency of use: 1 time per week<\/p>\t\t\t\t<\/div>\n\t\t\t\t\t<\/div>\n\t\t\t\t\t\t<\/div>\n\t\t\t\t<\/div>\n\t\t<div class=\"elementor-element elementor-element-964e858 text-center e-con-full e-flex e-con e-child\" data-id=\"964e858\" data-element_type=\"container\">\n\t\t\t\t<div class=\"elementor-element elementor-element-69f2882 wd-width-100 elementor-widget elementor-widget-wd_title\" data-id=\"69f2882\" data-element_type=\"widget\" data-widget_type=\"wd_title.default\">\n\t\t\t\t<div class=\"elementor-widget-container\">\n\t\t\t\t\t\t\t<div class=\"title-wrapper wd-set-mb reset-last-child wd-title-color-default wd-title-style-default wd-title-size-extra-large text-left\">\n\n\t\t\t\n\t\t\t<div class=\"liner-continer\">\n\t\t\t\t<h4 class=\"woodmart-title-container title wd-fontsize-xxxl\">What is it for? <\/h4> \n\t\t\t\t\t\t\t<\/div>\n\n\t\t\t\t\t\t\t<div class=\"title-after_title reset-last-child wd-fontsize-s\">\n\t\t\t\t\t<p>Darkens \u2013 White Hairs \u2013 Discolored Hairs<\/p><p>Gives shine<\/p>\t\t\t\t<\/div>\n\t\t\t\t\t<\/div>\n\t\t\t\t\t\t<\/div>\n\t\t\t\t<\/div>\n\t\t\t\t<\/div>\n\t\t\t\t<\/div>\n\t\t<div class=\"elementor-element elementor-element-2a1aca3 text-center e-con-full e-flex e-con e-child\" data-id=\"2a1aca3\" data-element_type=\"container\">\n\t\t\t\t<div class=\"elementor-element elementor-element-756815d wd-width-100 elementor-widget elementor-widget-wd_title\" data-id=\"756815d\" data-element_type=\"widget\" data-widget_type=\"wd_title.default\">\n\t\t\t\t<div class=\"elementor-widget-container\">\n\t\t\t\t\t\t\t<div class=\"title-wrapper wd-set-mb reset-last-child wd-title-color-default wd-title-style-default wd-title-size-extra-large text-left\">\n\n\t\t\t\n\t\t\t<div class=\"liner-continer\">\n\t\t\t\t<h4 class=\"woodmart-title-container title wd-fontsize-xxxl\">Product Overview<\/h4> \n\t\t\t\t\t\t\t<\/div>\n\n\t\t\t\t\t\t\t<div class=\"title-after_title reset-last-child wd-fontsize-s\">\n\t\t\t\t\t<ul><li>Lawsonia inermis &amp; Indigofera tinctoria<\/li><\/ul>\t\t\t\t<\/div>\n\t\t\t\t\t<\/div>\n\t\t\t\t\t\t<\/div>\n\t\t\t\t<\/div>\n\t\t<div class=\"elementor-element elementor-element-5d74714 e-con-full e-flex e-con e-child\" data-id=\"5d74714\" data-element_type=\"container\">\n\t\t\t\t<div class=\"elementor-element elementor-element-31ce620 elementor-widget__width-auto elementor-widget elementor-widget-wd_button\" data-id=\"31ce620\" data-element_type=\"widget\" data-widget_type=\"wd_button.default\">\n\t\t\t\t<div class=\"elementor-widget-container\">\n\t\t\t\t\t\t\t<div class=\"wd-button-wrapper text-center\" >\n\t\t\t<a class=\"btn btn-style-default btn-shape-rectangle btn-size-default btn-color-black btn-icon-pos-right\"  href=\"#\">\n\t\t\t\t<span class=\"wd-btn-text\" data-elementor-setting-key=\"text\">\n\t\t\t\t\tBUY NOW\t\t\t\t<\/span>\n\n\t\t\t\t\t\t\t<\/a>\n\t\t<\/div>\n\t\t\t\t\t\t<\/div>\n\t\t\t\t<\/div>\n\t\t\t\t<div class=\"elementor-element elementor-element-042a2cd elementor-widget__width-auto elementor-widget elementor-widget-wd_button\" data-id=\"042a2cd\" data-element_type=\"widget\" data-widget_type=\"wd_button.default\">\n\t\t\t\t<div class=\"elementor-widget-container\">\n\t\t\t\t\t\t\t<div class=\"wd-button-wrapper text-center\" >\n\t\t\t<a class=\"btn btn-style-bordered btn-shape-rectangle btn-size-default btn-icon-pos-right\"  href=\"https:\/\/ndiolsikkim.com\/en\/shop\/\">\n\t\t\t\t<span class=\"wd-btn-text\" data-elementor-setting-key=\"text\">\n\t\t\t\t\tVIEW MORE\t\t\t\t<\/span>\n\n\t\t\t\t\t\t\t<\/a>\n\t\t<\/div>\n\t\t\t\t\t\t<\/div>\n\t\t\t\t<\/div>\n\t\t\t\t<\/div>\n\t\t<div class=\"wd-negative-gap elementor-element elementor-element-310d32d e-flex e-con-boxed e-con e-child\" data-id=\"310d32d\" data-element_type=\"container\">\n\t\t\t\t\t<div class=\"e-con-inner\">\n\t\t\t\t<div class=\"elementor-element elementor-element-65d9244 elementor-widget elementor-widget-wd_text_block\" data-id=\"65d9244\" data-element_type=\"widget\" data-widget_type=\"wd_text_block.default\">\n\t\t\t\t<div class=\"elementor-widget-container\">\n\t\t\t\t\t\t\t<div class=\"wd-text-block reset-last-child text-left\">\n\t\t\t\n\t\t\t\n\t\t\t\t\t<\/div>\n\t\t\t\t\t\t<\/div>\n\t\t\t\t<\/div>\n\t\t\t\t\t<\/div>\n\t\t\t\t<\/div>\n\t\t\t\t<\/div>\n\t\t\t\t\t<\/div>\n\t\t\t\t<\/div>\n\t\t<div class=\"wd-negative-gap elementor-element elementor-element-f80d035 e-flex e-con-boxed e-con e-parent\" data-id=\"f80d035\" data-element_type=\"container\">\n\t\t\t\t\t<div class=\"e-con-inner\">\n\t\t\t\t<div class=\"elementor-element elementor-element-3f14696 wd-width-100 elementor-widget elementor-widget-wd_title\" data-id=\"3f14696\" data-element_type=\"widget\" data-widget_type=\"wd_title.default\">\n\t\t\t\t<div class=\"elementor-widget-container\">\n\t\t\t\t\t\t\t<div class=\"title-wrapper wd-set-mb reset-last-child wd-title-color-default wd-title-style-default wd-title-size-extra-large text-center\">\n\n\t\t\t\n\t\t\t<div class=\"liner-continer\">\n\t\t\t\t<h4 class=\"woodmart-title-container title wd-fontsize-xxxl\">Warnings<\/h4> \n\t\t\t\t\t\t\t<\/div>\n\n\t\t\t\t\t<\/div>\n\t\t\t\t\t\t<\/div>\n\t\t\t\t<\/div>\n\t\t\t\t\t<\/div>\n\t\t\t\t<\/div>\n\t\t<div class=\"wd-negative-gap elementor-element elementor-element-88dcfef e-flex e-con-boxed e-con e-parent\" data-id=\"88dcfef\" data-element_type=\"container\">\n\t\t\t\t\t<div class=\"e-con-inner\">\n\t\t<div class=\"elementor-element elementor-element-92ce43a e-con-full e-flex e-con e-child\" data-id=\"92ce43a\" data-element_type=\"container\">\n\t\t\t\t<div class=\"elementor-element elementor-element-4ffcd4a wd-width-100 elementor-widget elementor-widget-wd_title\" data-id=\"4ffcd4a\" data-element_type=\"widget\" data-widget_type=\"wd_title.default\">\n\t\t\t\t<div class=\"elementor-widget-container\">\n\t\t\t\t\t\t\t<div class=\"title-wrapper wd-set-mb reset-last-child wd-title-color-default wd-title-style-default wd-title-size-medium text-center\">\n\n\t\t\t\n\t\t\t<div class=\"liner-continer\">\n\t\t\t\t<h4 class=\"woodmart-title-container title wd-fontsize-xl\">Attention\u00a0<\/h4> \n\t\t\t\t\t\t\t<\/div>\n\n\t\t\t\t\t\t\t<div class=\"title-after_title reset-last-child wd-fontsize-s\">\n\t\t\t\t\t<p>100% naturelle, sans ammoniaque ni produits chimiques agressifs, elle respecte la fibre du poil et le cuir de la peau<\/p>\t\t\t\t<\/div>\n\t\t\t\t\t<\/div>\n\t\t\t\t\t\t<\/div>\n\t\t\t\t<\/div>\n\t\t\t\t<\/div>\n\t\t<div class=\"elementor-element elementor-element-105c039 e-con-full e-flex e-con e-child\" data-id=\"105c039\" data-element_type=\"container\">\n\t\t\t\t<div class=\"elementor-element elementor-element-d9425f0 wd-width-100 elementor-widget elementor-widget-wd_title\" data-id=\"d9425f0\" data-element_type=\"widget\" data-widget_type=\"wd_title.default\">\n\t\t\t\t<div class=\"elementor-widget-container\">\n\t\t\t\t\t\t\t<div class=\"title-wrapper wd-set-mb reset-last-child wd-title-color-default wd-title-style-default wd-title-size-medium text-center\">\n\n\t\t\t\n\t\t\t<div class=\"liner-continer\">\n\t\t\t\t<h4 class=\"woodmart-title-container title wd-fontsize-xl\">Disclaimer<\/h4> \n\t\t\t\t\t\t\t<\/div>\n\n\t\t\t\t\t\t\t<div class=\"title-after_title reset-last-child wd-fontsize-s\">\n\t\t\t\t\t<p>While NS strives to ensure the accuracy of its product images and information, some manufacturing changes to packaging and\/or ingredients may be pending update on our site. Although items may occasionally ship with alternate packaging, freshness is always guaranteed. We recommend that you read labels, warnings and directions of all products before use and rely solely on the information provided by NDIOL SIKKIM.<\/p>\t\t\t\t<\/div>\n\t\t\t\t\t<\/div>\n\t\t\t\t\t\t<\/div>\n\t\t\t\t<\/div>\n\t\t\t\t<\/div>\n\t\t\t\t\t<\/div>\n\t\t\t\t<\/div>\n\t\t\t\t<\/div>","protected":false},"excerpt":{"rendered":"<p>Discover the elegance of ultimate beard care with our Precious Shampoo, an exquisite formulation dedicated to nourishing, strengthening, and protecting each hair. Designed for connoisseurs of refinement, this shampoo combines the authenticity of natural ingredients with the sophistication of a velvety texture, providing a deep cleanse while respecting the softness of your beard.<\/p>","protected":false},"featured_media":16229,"comment_status":"open","ping_status":"closed","template":"","meta":{"_themeisle_gutenberg_block_has_review":false,"iawp_total_views":1},"product_brand":[],"product_cat":[75],"product_tag":[],"class_list":{"0":"post-16163","1":"product","2":"type-product","3":"status-publish","4":"has-post-thumbnail","6":"product_cat-teintes","8":"first","9":"instock","10":"sale","11":"shipping-taxable","12":"purchasable","13":"product-type-variable"},"_links":{"self":[{"href":"https:\/\/ndiolsikkim.com\/en\/wp-json\/wp\/v2\/product\/16163","targetHints":{"allow":["GET"]}}],"collection":[{"href":"https:\/\/ndiolsikkim.com\/en\/wp-json\/wp\/v2\/product"}],"about":[{"href":"https:\/\/ndiolsikkim.com\/en\/wp-json\/wp\/v2\/types\/product"}],"replies":[{"embeddable":true,"href":"https:\/\/ndiolsikkim.com\/en\/wp-json\/wp\/v2\/comments?post=16163"}],"version-history":[{"count":15,"href":"https:\/\/ndiolsikkim.com\/en\/wp-json\/wp\/v2\/product\/16163\/revisions"}],"predecessor-version":[{"id":16278,"href":"https:\/\/ndiolsikkim.com\/en\/wp-json\/wp\/v2\/product\/16163\/revisions\/16278"}],"wp:featuredmedia":[{"embeddable":true,"href":"https:\/\/ndiolsikkim.com\/en\/wp-json\/wp\/v2\/media\/16229"}],"wp:attachment":[{"href":"https:\/\/ndiolsikkim.com\/en\/wp-json\/wp\/v2\/media?parent=16163"}],"wp:term":[{"taxonomy":"product_brand","embeddable":true,"href":"https:\/\/ndiolsikkim.com\/en\/wp-json\/wp\/v2\/product_brand?post=16163"},{"taxonomy":"product_cat","embeddable":true,"href":"https:\/\/ndiolsikkim.com\/en\/wp-json\/wp\/v2\/product_cat?post=16163"},{"taxonomy":"product_tag","embeddable":true,"href":"https:\/\/ndiolsikkim.com\/en\/wp-json\/wp\/v2\/product_tag?post=16163"}],"curies":[{"name":"wp","href":"https:\/\/api.w.org\/{rel}","templated":true}]}}