{"id":15730,"date":"2025-01-21T03:25:06","date_gmt":"2025-01-21T03:25:06","guid":{"rendered":"https:\/\/ndiolsikkim.com\/?post_type=product&#038;p=15730"},"modified":"2025-08-30T16:48:16","modified_gmt":"2025-08-30T16:48:16","slug":"serum-de-protection","status":"publish","type":"product","link":"https:\/\/ndiolsikkim.com\/en\/product\/serum-de-protection\/","title":{"rendered":"Serum De Protection"},"content":{"rendered":"<div data-elementor-type=\"wp-post\" data-elementor-id=\"15730\" class=\"elementor elementor-15730\">\n\t\t\t\t<div class=\"wd-negative-gap elementor-element elementor-element-bd8c464 wd-section-stretch opacity-video-bg e-flex e-con-boxed e-con e-parent\" data-id=\"bd8c464\" data-element_type=\"container\" data-settings=\"{&quot;background_background&quot;:&quot;video&quot;,&quot;background_play_on_mobile&quot;:&quot;yes&quot;}\">\n\t\t\t\t\t<div class=\"e-con-inner\">\n\t\t<div class=\"elementor-element elementor-element-717a163 e-con-full e-flex e-con e-child\" data-id=\"717a163\" data-element_type=\"container\" data-settings=\"{&quot;background_background&quot;:&quot;classic&quot;}\">\n\t\t\t\t<div class=\"elementor-element elementor-element-d41a843 wd-width-100 elementor-widget elementor-widget-wd_title\" data-id=\"d41a843\" data-element_type=\"widget\" data-widget_type=\"wd_title.default\">\n\t\t\t\t<div class=\"elementor-widget-container\">\n\t\t\t\t\t\t\t<div class=\"title-wrapper wd-set-mb reset-last-child wd-title-color-white wd-title-style-simple wd-title-size-extra-large text-center\">\n\n\t\t\t\n\t\t\t<div class=\"liner-continer\">\n\t\t\t\t<h4 class=\"woodmart-title-container title wd-fontsize-xxxl\">Serum De Protection<\/h4> \n\t\t\t\t\t\t\t<\/div>\n\n\t\t\t\t\t\t\t<div class=\"title-after_title reset-last-child wd-fontsize-s\">\n\t\t\t\t\t<p><strong>\u00a0\u00a0\u00a0\u00a0 <\/strong>A precious alchemy designed to enhance each hair, this exceptional serum transforms the care ritual into an unparalleled sensory experience. Upon application, its silky, lightweight texture instantly blends with the beard. A veil of infinite softness envelops each hair, taming frizz and flyaways.<\/p><p>Subtly scented with citrus notes, this serum leaves a refined olfactory trail. A soft and unique signature that reveals the elegance and charisma of the wearer. Enriched with a complex of precious oils and rare plant extracts, this serum illuminates the beard with a sumptuous glow. The beard, enhanced, displays a mirror-like shine, testifying to exceptional care.<\/p>\t\t\t\t<\/div>\n\t\t\t\t\t<\/div>\n\t\t\t\t\t\t<\/div>\n\t\t\t\t<\/div>\n\t\t<div class=\"wd-negative-gap elementor-element elementor-element-72f1c9a e-flex e-con-boxed e-con e-child\" data-id=\"72f1c9a\" data-element_type=\"container\">\n\t\t\t\t\t<div class=\"e-con-inner\">\n\t\t\t\t<div class=\"elementor-element elementor-element-3b31e13 elementor-widget__width-auto elementor-widget elementor-widget-wd_button\" data-id=\"3b31e13\" data-element_type=\"widget\" data-widget_type=\"wd_button.default\">\n\t\t\t\t<div class=\"elementor-widget-container\">\n\t\t\t\t\t\t\t<div class=\"wd-button-wrapper text-center\" >\n\t\t\t<a class=\"btn btn-style-default btn-shape-rectangle btn-size-default btn-color-white btn-icon-pos-right\"  href=\"#\">\n\t\t\t\t<span class=\"wd-btn-text\" data-elementor-setting-key=\"text\">\n\t\t\t\t\tADD TO CART\t\t\t\t<\/span>\n\n\t\t\t\t\t\t\t<\/a>\n\t\t<\/div>\n\t\t\t\t\t\t<\/div>\n\t\t\t\t<\/div>\n\t\t\t\t<div class=\"elementor-element elementor-element-5e7dd82 elementor-widget__width-auto elementor-widget elementor-widget-wd_button\" data-id=\"5e7dd82\" data-element_type=\"widget\" data-widget_type=\"wd_button.default\">\n\t\t\t\t<div class=\"elementor-widget-container\">\n\t\t\t\t\t\t\t<div class=\"wd-button-wrapper text-center\" >\n\t\t\t<a class=\"btn btn-style-bordered btn-shape-rectangle btn-size-default btn-color-white btn-icon-pos-right\"  href=\"#\">\n\t\t\t\t<span class=\"wd-btn-text\" data-elementor-setting-key=\"text\">\n\t\t\t\t\tVIEW MORE\t\t\t\t<\/span>\n\n\t\t\t\t\t\t\t<\/a>\n\t\t<\/div>\n\t\t\t\t\t\t<\/div>\n\t\t\t\t<\/div>\n\t\t\t\t\t<\/div>\n\t\t\t\t<\/div>\n\t\t\t\t<\/div>\n\t\t\t\t\t<\/div>\n\t\t\t\t<\/div>\n\t\t<div class=\"wd-negative-gap elementor-element elementor-element-8eaef10 e-flex e-con-boxed e-con e-parent\" data-id=\"8eaef10\" data-element_type=\"container\">\n\t\t\t\t\t<div class=\"e-con-inner\">\n\t\t<div class=\"elementor-element elementor-element-cd8cb42 e-con-full e-flex e-con e-child\" data-id=\"cd8cb42\" data-element_type=\"container\">\n\t\t\t\t<div class=\"elementor-element elementor-element-efbea91 wd-width-100 elementor-widget elementor-widget-wd_title\" data-id=\"efbea91\" data-element_type=\"widget\" data-widget_type=\"wd_title.default\">\n\t\t\t\t<div class=\"elementor-widget-container\">\n\t\t\t\t\t\t\t<div class=\"title-wrapper wd-set-mb reset-last-child wd-title-color-default wd-title-style-default wd-title-size-extra-large text-left\">\n\n\t\t\t\n\t\t\t<div class=\"liner-continer\">\n\t\t\t\t<h4 class=\"woodmart-title-container title wd-fontsize-xxxl\">Suggested use<\/h4> \n\t\t\t\t\t\t\t<\/div>\n\n\t\t\t\t\t\t\t<div class=\"title-after_title reset-last-child wd-fontsize-s\">\n\t\t\t\t\t<ol><li>Frequency of use: daily<\/li><li>Place a few drops in the palm of your hand<\/li><li>Rub both hands together to warm the serum<\/li><li>Apply to the beard in the direction of the desired hairstyle<\/li><li>Brush your fur<\/li><li>Adjust with another coat for shine after brushing<\/li><\/ol>\t\t\t\t<\/div>\n\t\t\t\t\t<\/div>\n\t\t\t\t\t\t<\/div>\n\t\t\t\t<\/div>\n\t\t\t\t<\/div>\n\t\t<div class=\"elementor-element elementor-element-c245f9a text-center e-con-full e-flex e-con e-child\" data-id=\"c245f9a\" data-element_type=\"container\">\n\t\t\t\t<div class=\"elementor-element elementor-element-3629111 wd-width-100 elementor-widget elementor-widget-wd_title\" data-id=\"3629111\" data-element_type=\"widget\" data-widget_type=\"wd_title.default\">\n\t\t\t\t<div class=\"elementor-widget-container\">\n\t\t\t\t\t\t\t<div class=\"title-wrapper wd-set-mb reset-last-child wd-title-color-default wd-title-style-default wd-title-size-extra-large text-center\">\n\n\t\t\t\n\t\t\t<div class=\"liner-continer\">\n\t\t\t\t<h4 class=\"woodmart-title-container title wd-fontsize-xxxl\">What is it for? <\/h4> \n\t\t\t\t\t\t\t<\/div>\n\n\t\t\t\t\t\t\t<div class=\"title-after_title reset-last-child wd-fontsize-s\">\n\t\t\t\t\t<p>Shine \u2013 Dry hair \u2013 Hair to be styled<\/p><p>Smooth \u2013 The hairs to be styled \u2013 The texture<\/p><p>Discipline - Coarse hairs - Ingrown hairs<\/p>\t\t\t\t<\/div>\n\t\t\t\t\t<\/div>\n\t\t\t\t\t\t<\/div>\n\t\t\t\t<\/div>\n\t\t<div class=\"wd-negative-gap elementor-element elementor-element-163612b e-flex e-con-boxed e-con e-child\" data-id=\"163612b\" data-element_type=\"container\">\n\t\t\t\t\t<div class=\"e-con-inner\">\n\t\t\t\t<div class=\"elementor-element elementor-element-1cd7287 elementor-widget__width-auto elementor-widget elementor-widget-wd_button\" data-id=\"1cd7287\" data-element_type=\"widget\" data-widget_type=\"wd_button.default\">\n\t\t\t\t<div class=\"elementor-widget-container\">\n\t\t\t\t\t\t\t<div class=\"wd-button-wrapper text-center\" >\n\t\t\t<a class=\"btn btn-style-default btn-shape-rectangle btn-size-default btn-color-black btn-icon-pos-right\"  href=\"#\">\n\t\t\t\t<span class=\"wd-btn-text\" data-elementor-setting-key=\"text\">\n\t\t\t\t\tBUY NOW\t\t\t\t<\/span>\n\n\t\t\t\t\t\t\t<\/a>\n\t\t<\/div>\n\t\t\t\t\t\t<\/div>\n\t\t\t\t<\/div>\n\t\t\t\t<div class=\"elementor-element elementor-element-40b31e9 elementor-widget__width-auto elementor-widget elementor-widget-wd_button\" data-id=\"40b31e9\" data-element_type=\"widget\" data-widget_type=\"wd_button.default\">\n\t\t\t\t<div class=\"elementor-widget-container\">\n\t\t\t\t\t\t\t<div class=\"wd-button-wrapper text-center\" >\n\t\t\t<a class=\"btn btn-style-bordered btn-shape-rectangle btn-size-default btn-icon-pos-right\"  href=\"https:\/\/ndiolsikkim.com\/en\/shop\/\">\n\t\t\t\t<span class=\"wd-btn-text\" data-elementor-setting-key=\"text\">\n\t\t\t\t\tVIEW MORE\t\t\t\t<\/span>\n\n\t\t\t\t\t\t\t<\/a>\n\t\t<\/div>\n\t\t\t\t\t\t<\/div>\n\t\t\t\t<\/div>\n\t\t\t\t\t<\/div>\n\t\t\t\t<\/div>\n\t\t\t\t<\/div>\n\t\t\t\t\t<\/div>\n\t\t\t\t<\/div>\n\t\t<div class=\"wd-negative-gap elementor-element elementor-element-2904724 wd-section-stretch e-flex e-con-boxed e-con e-parent\" data-id=\"2904724\" data-element_type=\"container\" data-settings=\"{&quot;background_background&quot;:&quot;classic&quot;}\">\n\t\t\t\t\t<div class=\"e-con-inner\">\n\t\t<div class=\"elementor-element elementor-element-149a18e text-center e-con-full e-flex e-con e-child\" data-id=\"149a18e\" data-element_type=\"container\">\n\t\t\t\t<div class=\"elementor-element elementor-element-ee4608d wd-width-100 elementor-widget elementor-widget-wd_title\" data-id=\"ee4608d\" data-element_type=\"widget\" data-widget_type=\"wd_title.default\">\n\t\t\t\t<div class=\"elementor-widget-container\">\n\t\t\t\t\t\t\t<div class=\"title-wrapper wd-set-mb reset-last-child wd-title-color-default wd-title-style-default wd-title-size-extra-large text-left\">\n\n\t\t\t\n\t\t\t<div class=\"liner-continer\">\n\t\t\t\t<h4 class=\"woodmart-title-container title wd-fontsize-xxxl\">Product Overview<\/h4> \n\t\t\t\t\t\t\t<\/div>\n\n\t\t\t\t\t\t\t<div class=\"title-after_title reset-last-child wd-fontsize-s\">\n\t\t\t\t\t<ul><li>Huiles biologiques \u00e0 100 %<\/li><li>Sans sulfates<\/li><li>Sans parab\u00e8nes<\/li><li>Sans phtalates<\/li><li>Sans colorants artificiels<\/li><li>Sans huile min\u00e9rale<\/li><li>Sans p\u00e9trolatum<\/li><li>Sans allerg\u00e8nes communs<\/li><li>Sans propyl\u00e8ne glycol<\/li><li>Sans formald\u00e9hyde<\/li><li>Sans aluminium m\u00e9tallique<\/li><li>Sans triclosan<\/li><li>Sans tolu\u00e8ne<\/li><li>Sans cruaut\u00e9<\/li><\/ul>\t\t\t\t<\/div>\n\t\t\t\t\t<\/div>\n\t\t\t\t\t\t<\/div>\n\t\t\t\t<\/div>\n\t\t<div class=\"wd-negative-gap elementor-element elementor-element-b4b2db9 e-flex e-con-boxed e-con e-child\" data-id=\"b4b2db9\" data-element_type=\"container\">\n\t\t\t\t\t<div class=\"e-con-inner\">\n\t\t\t\t<div class=\"elementor-element elementor-element-d5fc143 elementor-widget elementor-widget-wd_text_block\" data-id=\"d5fc143\" data-element_type=\"widget\" data-widget_type=\"wd_text_block.default\">\n\t\t\t\t<div class=\"elementor-widget-container\">\n\t\t\t\t\t\t\t<div class=\"wd-text-block reset-last-child text-left\">\n\t\t\t\n\t\t\t\n\t\t\t\t\t<\/div>\n\t\t\t\t\t\t<\/div>\n\t\t\t\t<\/div>\n\t\t\t\t\t<\/div>\n\t\t\t\t<\/div>\n\t\t\t\t<\/div>\n\t\t<div class=\"elementor-element elementor-element-1acbb4a e-con-full e-flex e-con e-child\" data-id=\"1acbb4a\" data-element_type=\"container\">\n\t\t\t\t<div class=\"elementor-element elementor-element-84ae05b elementor-widget elementor-widget-image\" data-id=\"84ae05b\" data-element_type=\"widget\" data-widget_type=\"image.default\">\n\t\t\t\t<div class=\"elementor-widget-container\">\n\t\t\t\t\t\t\t\t\t\t\t\t\t\t\t<img fetchpriority=\"high\" decoding=\"async\" width=\"768\" height=\"1151\" src=\"https:\/\/ndiolsikkim.com\/wp-content\/uploads\/2025\/01\/laboratory-glassware-assortment-with-red-liquids-768x1151.jpg\" class=\"attachment-medium_large size-medium_large wp-image-15744\" alt=\"\" srcset=\"https:\/\/ndiolsikkim.com\/wp-content\/uploads\/2025\/01\/laboratory-glassware-assortment-with-red-liquids-768x1151.jpg 768w, https:\/\/ndiolsikkim.com\/wp-content\/uploads\/2025\/01\/laboratory-glassware-assortment-with-red-liquids-200x300.jpg 200w, https:\/\/ndiolsikkim.com\/wp-content\/uploads\/2025\/01\/laboratory-glassware-assortment-with-red-liquids-534x800.jpg 534w, https:\/\/ndiolsikkim.com\/wp-content\/uploads\/2025\/01\/laboratory-glassware-assortment-with-red-liquids-1024x1536.jpg 1024w, https:\/\/ndiolsikkim.com\/wp-content\/uploads\/2025\/01\/laboratory-glassware-assortment-with-red-liquids-1366x2048.jpg 1366w, https:\/\/ndiolsikkim.com\/wp-content\/uploads\/2025\/01\/laboratory-glassware-assortment-with-red-liquids-430x645.jpg 430w, https:\/\/ndiolsikkim.com\/wp-content\/uploads\/2025\/01\/laboratory-glassware-assortment-with-red-liquids-700x1050.jpg 700w, https:\/\/ndiolsikkim.com\/wp-content\/uploads\/2025\/01\/laboratory-glassware-assortment-with-red-liquids-150x225.jpg 150w, https:\/\/ndiolsikkim.com\/wp-content\/uploads\/2025\/01\/laboratory-glassware-assortment-with-red-liquids-scaled.jpg 1707w\" sizes=\"(max-width: 768px) 100vw, 768px\" \/>\t\t\t\t\t\t\t\t\t\t\t\t\t\t\t<\/div>\n\t\t\t\t<\/div>\n\t\t\t\t<\/div>\n\t\t\t\t\t<\/div>\n\t\t\t\t<\/div>\n\t\t<div class=\"wd-negative-gap elementor-element elementor-element-9707789 e-flex e-con-boxed e-con e-parent\" data-id=\"9707789\" data-element_type=\"container\">\n\t\t\t\t\t<div class=\"e-con-inner\">\n\t\t\t\t<div class=\"elementor-element elementor-element-c84f928 wd-width-100 elementor-widget elementor-widget-wd_title\" data-id=\"c84f928\" data-element_type=\"widget\" data-widget_type=\"wd_title.default\">\n\t\t\t\t<div class=\"elementor-widget-container\">\n\t\t\t\t\t\t\t<div class=\"title-wrapper wd-set-mb reset-last-child wd-title-color-default wd-title-style-default wd-title-size-extra-large text-center\">\n\n\t\t\t\n\t\t\t<div class=\"liner-continer\">\n\t\t\t\t<h4 class=\"woodmart-title-container title wd-fontsize-xxxl\">Warnings<\/h4> \n\t\t\t\t\t\t\t<\/div>\n\n\t\t\t\t\t<\/div>\n\t\t\t\t\t\t<\/div>\n\t\t\t\t<\/div>\n\t\t\t\t\t<\/div>\n\t\t\t\t<\/div>\n\t\t<div class=\"wd-negative-gap elementor-element elementor-element-63c0761 e-flex e-con-boxed e-con e-parent\" data-id=\"63c0761\" data-element_type=\"container\">\n\t\t\t\t\t<div class=\"e-con-inner\">\n\t\t<div class=\"elementor-element elementor-element-c621145 e-con-full e-flex e-con e-child\" data-id=\"c621145\" data-element_type=\"container\">\n\t\t\t\t<div class=\"elementor-element elementor-element-3dc25d1 wd-width-100 elementor-widget elementor-widget-wd_title\" data-id=\"3dc25d1\" data-element_type=\"widget\" data-widget_type=\"wd_title.default\">\n\t\t\t\t<div class=\"elementor-widget-container\">\n\t\t\t\t\t\t\t<div class=\"title-wrapper wd-set-mb reset-last-child wd-title-color-default wd-title-style-default wd-title-size-medium text-center\">\n\n\t\t\t\n\t\t\t<div class=\"liner-continer\">\n\t\t\t\t<h4 class=\"woodmart-title-container title wd-fontsize-xl\">Attention\u00a0<\/h4> \n\t\t\t\t\t\t\t<\/div>\n\n\t\t\t\t\t\t\t<div class=\"title-after_title reset-last-child wd-fontsize-s\">\n\t\t\t\t\t<p>For external use only. Do not apply to irritated skin or areas affected by rashes. If skin sensitivity occurs, discontinue use and seek medical advice. Avoid contact with eyes. Do not use on children or pets. Do not ingest. Keep out of reach of children.<\/p>\t\t\t\t<\/div>\n\t\t\t\t\t<\/div>\n\t\t\t\t\t\t<\/div>\n\t\t\t\t<\/div>\n\t\t\t\t<\/div>\n\t\t<div class=\"elementor-element elementor-element-aa80ec7 e-con-full e-flex e-con e-child\" data-id=\"aa80ec7\" data-element_type=\"container\">\n\t\t\t\t<div class=\"elementor-element elementor-element-6544253 wd-width-100 elementor-widget elementor-widget-wd_title\" data-id=\"6544253\" data-element_type=\"widget\" data-widget_type=\"wd_title.default\">\n\t\t\t\t<div class=\"elementor-widget-container\">\n\t\t\t\t\t\t\t<div class=\"title-wrapper wd-set-mb reset-last-child wd-title-color-default wd-title-style-default wd-title-size-medium text-center\">\n\n\t\t\t\n\t\t\t<div class=\"liner-continer\">\n\t\t\t\t<h4 class=\"woodmart-title-container title wd-fontsize-xl\">Disclaimer<\/h4> \n\t\t\t\t\t\t\t<\/div>\n\n\t\t\t\t\t\t\t<div class=\"title-after_title reset-last-child wd-fontsize-s\">\n\t\t\t\t\t<p>While NS strives to ensure the accuracy of its product images and information, some manufacturing changes to packaging and\/or ingredients may be pending update on our site. Although items may occasionally ship with alternate packaging, freshness is always guaranteed. We recommend that you read labels, warnings and directions of all products before use and rely solely on the information provided by NDIOL SIKKIM.<\/p>\t\t\t\t<\/div>\n\t\t\t\t\t<\/div>\n\t\t\t\t\t\t<\/div>\n\t\t\t\t<\/div>\n\t\t\t\t<\/div>\n\t\t\t\t\t<\/div>\n\t\t\t\t<\/div>\n\t\t\t\t<\/div>","protected":false},"excerpt":{"rendered":"<p>Alchimie pr\u00e9cieuse con\u00e7ue pour sublimer chaque poil, ce s\u00e9rum d&rsquo;exception transforme le rituel du soin en une exp\u00e9rience sensorielle in\u00e9gal\u00e9e. D\u00e8s l&rsquo;application, sa texture soyeuse et l\u00e9g\u00e8re fusionne instantan\u00e9ment avec la barbe. Un voile de douceur infinie enveloppe chaque poil, dompte les frisottis et les rebelles.<\/p>","protected":false},"featured_media":16228,"comment_status":"open","ping_status":"closed","template":"","meta":{"_themeisle_gutenberg_block_has_review":false,"iawp_total_views":3},"product_brand":[],"product_cat":[74],"product_tag":[],"class_list":{"0":"post-15730","1":"product","2":"type-product","3":"status-publish","4":"has-post-thumbnail","6":"product_cat-serums","8":"first","9":"instock","10":"sale","11":"shipping-taxable","12":"purchasable","13":"product-type-variable"},"_links":{"self":[{"href":"https:\/\/ndiolsikkim.com\/en\/wp-json\/wp\/v2\/product\/15730","targetHints":{"allow":["GET"]}}],"collection":[{"href":"https:\/\/ndiolsikkim.com\/en\/wp-json\/wp\/v2\/product"}],"about":[{"href":"https:\/\/ndiolsikkim.com\/en\/wp-json\/wp\/v2\/types\/product"}],"replies":[{"embeddable":true,"href":"https:\/\/ndiolsikkim.com\/en\/wp-json\/wp\/v2\/comments?post=15730"}],"version-history":[{"count":42,"href":"https:\/\/ndiolsikkim.com\/en\/wp-json\/wp\/v2\/product\/15730\/revisions"}],"predecessor-version":[{"id":16281,"href":"https:\/\/ndiolsikkim.com\/en\/wp-json\/wp\/v2\/product\/15730\/revisions\/16281"}],"wp:featuredmedia":[{"embeddable":true,"href":"https:\/\/ndiolsikkim.com\/en\/wp-json\/wp\/v2\/media\/16228"}],"wp:attachment":[{"href":"https:\/\/ndiolsikkim.com\/en\/wp-json\/wp\/v2\/media?parent=15730"}],"wp:term":[{"taxonomy":"product_brand","embeddable":true,"href":"https:\/\/ndiolsikkim.com\/en\/wp-json\/wp\/v2\/product_brand?post=15730"},{"taxonomy":"product_cat","embeddable":true,"href":"https:\/\/ndiolsikkim.com\/en\/wp-json\/wp\/v2\/product_cat?post=15730"},{"taxonomy":"product_tag","embeddable":true,"href":"https:\/\/ndiolsikkim.com\/en\/wp-json\/wp\/v2\/product_tag?post=15730"}],"curies":[{"name":"wp","href":"https:\/\/api.w.org\/{rel}","templated":true}]}}