{"id":15728,"date":"2025-01-21T03:24:24","date_gmt":"2025-01-21T03:24:24","guid":{"rendered":"https:\/\/ndiolsikkim.com\/?post_type=product&#038;p=15728"},"modified":"2025-08-30T16:54:22","modified_gmt":"2025-08-30T16:54:22","slug":"huile-nourrissante","status":"publish","type":"product","link":"https:\/\/ndiolsikkim.com\/en\/product\/huile-nourrissante\/","title":{"rendered":"Huile Nourrissante"},"content":{"rendered":"<div data-elementor-type=\"wp-post\" data-elementor-id=\"15728\" class=\"elementor elementor-15728\">\n\t\t\t\t<div class=\"wd-negative-gap elementor-element elementor-element-88b3e3b wd-section-stretch opacity-video-bg e-flex e-con-boxed e-con e-parent\" data-id=\"88b3e3b\" data-element_type=\"container\" data-settings=\"{&quot;background_background&quot;:&quot;video&quot;,&quot;background_play_on_mobile&quot;:&quot;yes&quot;}\">\n\t\t\t\t\t<div class=\"e-con-inner\">\n\t\t<div class=\"elementor-element elementor-element-b521fa2 e-con-full e-flex e-con e-child\" data-id=\"b521fa2\" data-element_type=\"container\" data-settings=\"{&quot;background_background&quot;:&quot;classic&quot;}\">\n\t\t\t\t<div class=\"elementor-element elementor-element-19cf504 wd-width-100 elementor-widget elementor-widget-wd_title\" data-id=\"19cf504\" data-element_type=\"widget\" data-widget_type=\"wd_title.default\">\n\t\t\t\t<div class=\"elementor-widget-container\">\n\t\t\t\t\t\t\t<div class=\"title-wrapper wd-set-mb reset-last-child wd-title-color-white wd-title-style-simple wd-title-size-extra-large text-center\">\n\n\t\t\t\n\t\t\t<div class=\"liner-continer\">\n\t\t\t\t<h4 class=\"woodmart-title-container title wd-fontsize-xxxl\">Huile Nourrissante<\/h4> \n\t\t\t\t\t\t\t<\/div>\n\n\t\t\t\t\t\t\t<div class=\"title-after_title reset-last-child wd-fontsize-s\">\n\t\t\t\t\t<p>Exquise et d\u00e9licatement parfum\u00e9e, cette huile s\u2019int\u00e8gre \u00e0 merveille dans les rituels de soin des hommes soucieux de l\u2019\u00e9l\u00e9gance et de la sant\u00e9 de leur barbe. Sa formule d\u2019exception, riche en huiles v\u00e9g\u00e9tales pr\u00e9cieuses, p\u00e9n\u00e8tre instantan\u00e9ment sans laisser, offrant un confort absolu et une douceur incomparable. Elle r\u00e9pare les fibres du poil, tout en leur redonnant vigueur et \u00e9clat naturel.<\/p><p>Compos\u00e9e d'un m\u00e9lange soigneusement s\u00e9lectionn\u00e9 d'huiles v\u00e9g\u00e9tales aux vertus r\u00e9paratrices et fortifiantes, elle agit comme un \u00e9lixir magique pour revitaliser et restructurer les poils. Sa texture l\u00e9g\u00e8re et satin\u00e9e glisse avec douceur sur la peau, apaisant les d\u00e9mangeaisons et assouplissant les poils, tout en apportant une brillance subtile et une sensation de fra\u00eecheur. Sa fragrance discr\u00e8te mais envo\u00fbtante se m\u00eale d\u00e9licatement \u00e0 l'ar\u00f4me naturel de la peau, pour une exp\u00e9rience sensorielle d\u2019exception.<\/p><p>\u00a0\u00a0\u00a0\u00a0\u00a0 Ses actifs enrichis p\u00e9n\u00e8trent d\u00e9licatement les fibres capillaires, revitalisant votre barbe tout en lui conf\u00e9rant une souplesse incomparable. Enrichi de complexes antioxydants, il forme un bouclier protecteur contre les agressions ext\u00e9rieures, tout en offrant un parfum subtil et \u00e9l\u00e9gant qui laisse une sensation de fra\u00eecheur durable.<\/p><p>\u00a0\u00a0\u00a0\u00a0\u00a0\u00a0 Avec une utilisation quotidienne, votre barbe retrouve force et vitalit\u00e9, chaque poil devient plus \u00e9pais, plus r\u00e9sistant, et la peau en dessous est nourrie en profondeur. Offrez \u00e0 votre barbe un soin digne des plus grandes traditions du luxe, pour un confort et une beaut\u00e9 qui ne passent pas inaper\u00e7us.<\/p>\t\t\t\t<\/div>\n\t\t\t\t\t<\/div>\n\t\t\t\t\t\t<\/div>\n\t\t\t\t<\/div>\n\t\t<div class=\"wd-negative-gap elementor-element elementor-element-f22704b e-flex e-con-boxed e-con e-child\" data-id=\"f22704b\" data-element_type=\"container\">\n\t\t\t\t\t<div class=\"e-con-inner\">\n\t\t\t\t<div class=\"elementor-element elementor-element-45f8a15 elementor-widget__width-auto elementor-widget elementor-widget-wd_button\" data-id=\"45f8a15\" data-element_type=\"widget\" data-widget_type=\"wd_button.default\">\n\t\t\t\t<div class=\"elementor-widget-container\">\n\t\t\t\t\t\t\t<div class=\"wd-button-wrapper text-center\" >\n\t\t\t<a class=\"btn btn-style-default btn-shape-rectangle btn-size-default btn-color-white btn-icon-pos-right\"  href=\"#\">\n\t\t\t\t<span class=\"wd-btn-text\" data-elementor-setting-key=\"text\">\n\t\t\t\t\tADD TO CART\t\t\t\t<\/span>\n\n\t\t\t\t\t\t\t<\/a>\n\t\t<\/div>\n\t\t\t\t\t\t<\/div>\n\t\t\t\t<\/div>\n\t\t\t\t<div class=\"elementor-element elementor-element-2b57153 elementor-widget__width-auto elementor-widget elementor-widget-wd_button\" data-id=\"2b57153\" data-element_type=\"widget\" data-widget_type=\"wd_button.default\">\n\t\t\t\t<div class=\"elementor-widget-container\">\n\t\t\t\t\t\t\t<div class=\"wd-button-wrapper text-center\" >\n\t\t\t<a class=\"btn btn-style-bordered btn-shape-rectangle btn-size-default btn-color-white btn-icon-pos-right\"  href=\"https:\/\/ndiolsikkim.com\/en\/shop\/\">\n\t\t\t\t<span class=\"wd-btn-text\" data-elementor-setting-key=\"text\">\n\t\t\t\t\tVIEW MORE\t\t\t\t<\/span>\n\n\t\t\t\t\t\t\t<\/a>\n\t\t<\/div>\n\t\t\t\t\t\t<\/div>\n\t\t\t\t<\/div>\n\t\t\t\t\t<\/div>\n\t\t\t\t<\/div>\n\t\t\t\t<\/div>\n\t\t\t\t\t<\/div>\n\t\t\t\t<\/div>\n\t\t<div class=\"wd-negative-gap elementor-element elementor-element-a424271 e-flex e-con-boxed e-con e-parent\" data-id=\"a424271\" data-element_type=\"container\">\n\t\t\t\t\t<div class=\"e-con-inner\">\n\t\t<div class=\"elementor-element elementor-element-2a82a31 e-con-full e-flex e-con e-child\" data-id=\"2a82a31\" data-element_type=\"container\">\n\t\t\t\t<div class=\"elementor-element elementor-element-8308f01 wd-width-100 elementor-widget elementor-widget-wd_title\" data-id=\"8308f01\" data-element_type=\"widget\" data-widget_type=\"wd_title.default\">\n\t\t\t\t<div class=\"elementor-widget-container\">\n\t\t\t\t\t\t\t<div class=\"title-wrapper wd-set-mb reset-last-child wd-title-color-default wd-title-style-default wd-title-size-extra-large text-left\">\n\n\t\t\t\n\t\t\t<div class=\"liner-continer\">\n\t\t\t\t<h4 class=\"woodmart-title-container title wd-fontsize-xxxl\">Suggested use<\/h4> \n\t\t\t\t\t\t\t<\/div>\n\n\t\t\t\t\t\t\t<div class=\"title-after_title reset-last-child wd-fontsize-s\">\n\t\t\t\t\t<ol><li>Fr\u00e9quence d\u2019utilisation\u00a0: minimum tous les 2 jours<\/li><li>Humecter la barbe avec le doseur<\/li><li>Masser d\u00e9licatement pendant 5 \u00e0 10 min jusqu\u2019\u00e0 la racine du poil<\/li><li>Brosser votre poil selon votre coiffure<\/li><\/ol>\t\t\t\t<\/div>\n\t\t\t\t\t<\/div>\n\t\t\t\t\t\t<\/div>\n\t\t\t\t<\/div>\n\t\t\t\t<\/div>\n\t\t<div class=\"elementor-element elementor-element-f1af00b text-center e-con-full e-flex e-con e-child\" data-id=\"f1af00b\" data-element_type=\"container\">\n\t\t\t\t<div class=\"elementor-element elementor-element-07f46ce wd-width-100 elementor-widget elementor-widget-wd_title\" data-id=\"07f46ce\" data-element_type=\"widget\" data-widget_type=\"wd_title.default\">\n\t\t\t\t<div class=\"elementor-widget-container\">\n\t\t\t\t\t\t\t<div class=\"title-wrapper wd-set-mb reset-last-child wd-title-color-default wd-title-style-default wd-title-size-extra-large text-center\">\n\n\t\t\t\n\t\t\t<div class=\"liner-continer\">\n\t\t\t\t<h4 class=\"woodmart-title-container title wd-fontsize-xxxl\">What is it for? <\/h4> \n\t\t\t\t\t\t\t<\/div>\n\n\t\t\t\t\t\t\t<div class=\"title-after_title reset-last-child wd-fontsize-s\">\n\t\t\t\t\t<p>Nourrit en profondeur \u2013Les poils secs \u2013 Les poils ab\u00eem\u00e9s<\/p><p>R\u00e9pare - Les poils cassants \u2013 Les poils fins<\/p><p>Assouplit \u2013 Les poils r\u00eaches \u2013 Les poils incarn\u00e9s<\/p><p>Lisse \u2013 Les poils \u00e0 coiffer \u2013 La texture- Les frissotis<\/p>\t\t\t\t<\/div>\n\t\t\t\t\t<\/div>\n\t\t\t\t\t\t<\/div>\n\t\t\t\t<\/div>\n\t\t<div class=\"wd-negative-gap elementor-element elementor-element-6876a53 e-flex e-con-boxed e-con e-child\" data-id=\"6876a53\" data-element_type=\"container\">\n\t\t\t\t\t<div class=\"e-con-inner\">\n\t\t\t\t<div class=\"elementor-element elementor-element-3b277ea elementor-widget__width-auto elementor-widget elementor-widget-wd_button\" data-id=\"3b277ea\" data-element_type=\"widget\" data-widget_type=\"wd_button.default\">\n\t\t\t\t<div class=\"elementor-widget-container\">\n\t\t\t\t\t\t\t<div class=\"wd-button-wrapper text-center\" >\n\t\t\t<a class=\"btn btn-style-default btn-shape-rectangle btn-size-default btn-color-black btn-icon-pos-right\"  href=\"#\">\n\t\t\t\t<span class=\"wd-btn-text\" data-elementor-setting-key=\"text\">\n\t\t\t\t\tBUY NOW\t\t\t\t<\/span>\n\n\t\t\t\t\t\t\t<\/a>\n\t\t<\/div>\n\t\t\t\t\t\t<\/div>\n\t\t\t\t<\/div>\n\t\t\t\t<div class=\"elementor-element elementor-element-b34be3c elementor-widget__width-auto elementor-widget elementor-widget-wd_button\" data-id=\"b34be3c\" data-element_type=\"widget\" data-widget_type=\"wd_button.default\">\n\t\t\t\t<div class=\"elementor-widget-container\">\n\t\t\t\t\t\t\t<div class=\"wd-button-wrapper text-center\" >\n\t\t\t<a class=\"btn btn-style-bordered btn-shape-rectangle btn-size-default btn-icon-pos-right\"  href=\"https:\/\/ndiolsikkim.com\/en\/shop\/\">\n\t\t\t\t<span class=\"wd-btn-text\" data-elementor-setting-key=\"text\">\n\t\t\t\t\tVIEW MORE\t\t\t\t<\/span>\n\n\t\t\t\t\t\t\t<\/a>\n\t\t<\/div>\n\t\t\t\t\t\t<\/div>\n\t\t\t\t<\/div>\n\t\t\t\t\t<\/div>\n\t\t\t\t<\/div>\n\t\t\t\t<\/div>\n\t\t\t\t\t<\/div>\n\t\t\t\t<\/div>\n\t\t<div class=\"wd-negative-gap elementor-element elementor-element-e2f0971 wd-section-stretch e-flex e-con-boxed e-con e-parent\" data-id=\"e2f0971\" data-element_type=\"container\" data-settings=\"{&quot;background_background&quot;:&quot;classic&quot;}\">\n\t\t\t\t\t<div class=\"e-con-inner\">\n\t\t<div class=\"elementor-element elementor-element-7fa7dc8 text-center e-con-full e-flex e-con e-child\" data-id=\"7fa7dc8\" data-element_type=\"container\">\n\t\t\t\t<div class=\"elementor-element elementor-element-bfca224 wd-width-100 elementor-widget elementor-widget-wd_title\" data-id=\"bfca224\" data-element_type=\"widget\" data-widget_type=\"wd_title.default\">\n\t\t\t\t<div class=\"elementor-widget-container\">\n\t\t\t\t\t\t\t<div class=\"title-wrapper wd-set-mb reset-last-child wd-title-color-default wd-title-style-default wd-title-size-extra-large text-left\">\n\n\t\t\t\n\t\t\t<div class=\"liner-continer\">\n\t\t\t\t<h4 class=\"woodmart-title-container title wd-fontsize-xxxl\">Product Overview<\/h4> \n\t\t\t\t\t\t\t<\/div>\n\n\t\t\t\t\t\t\t<div class=\"title-after_title reset-last-child wd-fontsize-s\">\n\t\t\t\t\t<ul><li>Huiles biologiques \u00e0 100 %<\/li><li>Sans sulfates<\/li><li>Sans parab\u00e8nes<\/li><li>Sans phtalates<\/li><li>Sans colorants artificiels<\/li><li>Sans huile min\u00e9rale<\/li><li>Sans p\u00e9trolatum<\/li><li>Sans allerg\u00e8nes communs<\/li><li>Sans propyl\u00e8ne glycol<\/li><li>Sans formald\u00e9hyde<\/li><li>Sans aluminium m\u00e9tallique<\/li><li>Sans triclosan<\/li><li>Sans tolu\u00e8ne<\/li><li>Sans cruaut\u00e9<\/li><\/ul>\t\t\t\t<\/div>\n\t\t\t\t\t<\/div>\n\t\t\t\t\t\t<\/div>\n\t\t\t\t<\/div>\n\t\t<div class=\"wd-negative-gap elementor-element elementor-element-d2f2b62 e-flex e-con-boxed e-con e-child\" data-id=\"d2f2b62\" data-element_type=\"container\">\n\t\t\t\t\t<div class=\"e-con-inner\">\n\t\t\t\t<div class=\"elementor-element elementor-element-bde989a elementor-widget elementor-widget-wd_text_block\" data-id=\"bde989a\" data-element_type=\"widget\" data-widget_type=\"wd_text_block.default\">\n\t\t\t\t<div class=\"elementor-widget-container\">\n\t\t\t\t\t\t\t<div class=\"wd-text-block reset-last-child text-left\">\n\t\t\t\n\t\t\t\n\t\t\t\t\t<\/div>\n\t\t\t\t\t\t<\/div>\n\t\t\t\t<\/div>\n\t\t\t\t\t<\/div>\n\t\t\t\t<\/div>\n\t\t\t\t<\/div>\n\t\t<div class=\"elementor-element elementor-element-e153731 e-con-full e-flex e-con e-child\" data-id=\"e153731\" data-element_type=\"container\">\n\t\t\t\t<div class=\"elementor-element elementor-element-292b5ce elementor-widget elementor-widget-image\" data-id=\"292b5ce\" data-element_type=\"widget\" data-widget_type=\"image.default\">\n\t\t\t\t<div class=\"elementor-widget-container\">\n\t\t\t\t\t\t\t\t\t\t\t\t\t\t\t<img fetchpriority=\"high\" decoding=\"async\" width=\"768\" height=\"1151\" src=\"https:\/\/ndiolsikkim.com\/wp-content\/uploads\/2025\/01\/laboratory-glassware-assortment-with-red-liquids-768x1151.jpg\" class=\"attachment-medium_large size-medium_large wp-image-15744\" alt=\"\" srcset=\"https:\/\/ndiolsikkim.com\/wp-content\/uploads\/2025\/01\/laboratory-glassware-assortment-with-red-liquids-768x1151.jpg 768w, https:\/\/ndiolsikkim.com\/wp-content\/uploads\/2025\/01\/laboratory-glassware-assortment-with-red-liquids-200x300.jpg 200w, https:\/\/ndiolsikkim.com\/wp-content\/uploads\/2025\/01\/laboratory-glassware-assortment-with-red-liquids-534x800.jpg 534w, https:\/\/ndiolsikkim.com\/wp-content\/uploads\/2025\/01\/laboratory-glassware-assortment-with-red-liquids-1024x1536.jpg 1024w, https:\/\/ndiolsikkim.com\/wp-content\/uploads\/2025\/01\/laboratory-glassware-assortment-with-red-liquids-1366x2048.jpg 1366w, https:\/\/ndiolsikkim.com\/wp-content\/uploads\/2025\/01\/laboratory-glassware-assortment-with-red-liquids-430x645.jpg 430w, https:\/\/ndiolsikkim.com\/wp-content\/uploads\/2025\/01\/laboratory-glassware-assortment-with-red-liquids-700x1050.jpg 700w, https:\/\/ndiolsikkim.com\/wp-content\/uploads\/2025\/01\/laboratory-glassware-assortment-with-red-liquids-150x225.jpg 150w, https:\/\/ndiolsikkim.com\/wp-content\/uploads\/2025\/01\/laboratory-glassware-assortment-with-red-liquids-scaled.jpg 1707w\" sizes=\"(max-width: 768px) 100vw, 768px\" \/>\t\t\t\t\t\t\t\t\t\t\t\t\t\t\t<\/div>\n\t\t\t\t<\/div>\n\t\t\t\t<\/div>\n\t\t\t\t\t<\/div>\n\t\t\t\t<\/div>\n\t\t<div class=\"wd-negative-gap elementor-element elementor-element-87cc03e e-flex e-con-boxed e-con e-parent\" data-id=\"87cc03e\" data-element_type=\"container\">\n\t\t\t\t\t<div class=\"e-con-inner\">\n\t\t\t\t<div class=\"elementor-element elementor-element-177d8b9 wd-width-100 elementor-widget elementor-widget-wd_title\" data-id=\"177d8b9\" data-element_type=\"widget\" data-widget_type=\"wd_title.default\">\n\t\t\t\t<div class=\"elementor-widget-container\">\n\t\t\t\t\t\t\t<div class=\"title-wrapper wd-set-mb reset-last-child wd-title-color-default wd-title-style-default wd-title-size-extra-large text-center\">\n\n\t\t\t\n\t\t\t<div class=\"liner-continer\">\n\t\t\t\t<h4 class=\"woodmart-title-container title wd-fontsize-xxxl\">Warnings<\/h4> \n\t\t\t\t\t\t\t<\/div>\n\n\t\t\t\t\t<\/div>\n\t\t\t\t\t\t<\/div>\n\t\t\t\t<\/div>\n\t\t\t\t\t<\/div>\n\t\t\t\t<\/div>\n\t\t<div class=\"wd-negative-gap elementor-element elementor-element-12bb5c2 e-flex e-con-boxed e-con e-parent\" data-id=\"12bb5c2\" data-element_type=\"container\">\n\t\t\t\t\t<div class=\"e-con-inner\">\n\t\t<div class=\"elementor-element elementor-element-2e0b6a5 e-con-full e-flex e-con e-child\" data-id=\"2e0b6a5\" data-element_type=\"container\">\n\t\t\t\t<div class=\"elementor-element elementor-element-3722ae1 wd-width-100 elementor-widget elementor-widget-wd_title\" data-id=\"3722ae1\" data-element_type=\"widget\" data-widget_type=\"wd_title.default\">\n\t\t\t\t<div class=\"elementor-widget-container\">\n\t\t\t\t\t\t\t<div class=\"title-wrapper wd-set-mb reset-last-child wd-title-color-default wd-title-style-default wd-title-size-medium text-center\">\n\n\t\t\t\n\t\t\t<div class=\"liner-continer\">\n\t\t\t\t<h4 class=\"woodmart-title-container title wd-fontsize-xl\">Attention\u00a0<\/h4> \n\t\t\t\t\t\t\t<\/div>\n\n\t\t\t\t\t\t\t<div class=\"title-after_title reset-last-child wd-fontsize-s\">\n\t\t\t\t\t<p>For external use only. Do not apply to irritated skin or areas affected by rashes. If skin sensitivity occurs, discontinue use and seek medical advice. Avoid contact with eyes. Do not use on children or pets. Do not ingest. Keep out of reach of children.<\/p>\t\t\t\t<\/div>\n\t\t\t\t\t<\/div>\n\t\t\t\t\t\t<\/div>\n\t\t\t\t<\/div>\n\t\t\t\t<\/div>\n\t\t<div class=\"elementor-element elementor-element-70b3a0d e-con-full e-flex e-con e-child\" data-id=\"70b3a0d\" data-element_type=\"container\">\n\t\t\t\t<div class=\"elementor-element elementor-element-cbea331 wd-width-100 elementor-widget elementor-widget-wd_title\" data-id=\"cbea331\" data-element_type=\"widget\" data-widget_type=\"wd_title.default\">\n\t\t\t\t<div class=\"elementor-widget-container\">\n\t\t\t\t\t\t\t<div class=\"title-wrapper wd-set-mb reset-last-child wd-title-color-default wd-title-style-default wd-title-size-medium text-center\">\n\n\t\t\t\n\t\t\t<div class=\"liner-continer\">\n\t\t\t\t<h4 class=\"woodmart-title-container title wd-fontsize-xl\">Disclaimer<\/h4> \n\t\t\t\t\t\t\t<\/div>\n\n\t\t\t\t\t\t\t<div class=\"title-after_title reset-last-child wd-fontsize-s\">\n\t\t\t\t\t<p>While NS strives to ensure the accuracy of its product images and information, some manufacturing changes to packaging and\/or ingredients may be pending update on our site. Although items may occasionally ship with alternate packaging, freshness is always guaranteed. We recommend that you read labels, warnings and directions of all products before use and rely solely on the information provided by NDIOL SIKKIM.<\/p>\t\t\t\t<\/div>\n\t\t\t\t\t<\/div>\n\t\t\t\t\t\t<\/div>\n\t\t\t\t<\/div>\n\t\t\t\t<\/div>\n\t\t\t\t\t<\/div>\n\t\t\t\t<\/div>\n\t\t\t\t<\/div>","protected":false},"excerpt":{"rendered":"<p>Exquise et d\u00e9licatement parfum\u00e9e, cette huile s\u2019int\u00e8gre \u00e0 merveille dans les rituels de soin des hommes soucieux de l\u2019\u00e9l\u00e9gance et de la sant\u00e9 de leur barbe. Sa formule d\u2019exception, riche en huiles v\u00e9g\u00e9tales pr\u00e9cieuses, p\u00e9n\u00e8tre instantan\u00e9ment sans laisser, offrant un confort absolu et une douceur incomparable. Elle r\u00e9pare les fibres du poil, tout en leur redonnant vigueur et \u00e9clat naturel.<\/p>","protected":false},"featured_media":16227,"comment_status":"open","ping_status":"closed","template":"","meta":{"_themeisle_gutenberg_block_has_review":false,"iawp_total_views":3},"product_brand":[],"product_cat":[73],"product_tag":[],"class_list":{"0":"post-15728","1":"product","2":"type-product","3":"status-publish","4":"has-post-thumbnail","6":"product_cat-huiles","8":"first","9":"instock","10":"sale","11":"shipping-taxable","12":"purchasable","13":"product-type-variable"},"_links":{"self":[{"href":"https:\/\/ndiolsikkim.com\/en\/wp-json\/wp\/v2\/product\/15728","targetHints":{"allow":["GET"]}}],"collection":[{"href":"https:\/\/ndiolsikkim.com\/en\/wp-json\/wp\/v2\/product"}],"about":[{"href":"https:\/\/ndiolsikkim.com\/en\/wp-json\/wp\/v2\/types\/product"}],"replies":[{"embeddable":true,"href":"https:\/\/ndiolsikkim.com\/en\/wp-json\/wp\/v2\/comments?post=15728"}],"version-history":[{"count":21,"href":"https:\/\/ndiolsikkim.com\/en\/wp-json\/wp\/v2\/product\/15728\/revisions"}],"predecessor-version":[{"id":16284,"href":"https:\/\/ndiolsikkim.com\/en\/wp-json\/wp\/v2\/product\/15728\/revisions\/16284"}],"wp:featuredmedia":[{"embeddable":true,"href":"https:\/\/ndiolsikkim.com\/en\/wp-json\/wp\/v2\/media\/16227"}],"wp:attachment":[{"href":"https:\/\/ndiolsikkim.com\/en\/wp-json\/wp\/v2\/media?parent=15728"}],"wp:term":[{"taxonomy":"product_brand","embeddable":true,"href":"https:\/\/ndiolsikkim.com\/en\/wp-json\/wp\/v2\/product_brand?post=15728"},{"taxonomy":"product_cat","embeddable":true,"href":"https:\/\/ndiolsikkim.com\/en\/wp-json\/wp\/v2\/product_cat?post=15728"},{"taxonomy":"product_tag","embeddable":true,"href":"https:\/\/ndiolsikkim.com\/en\/wp-json\/wp\/v2\/product_tag?post=15728"}],"curies":[{"name":"wp","href":"https:\/\/api.w.org\/{rel}","templated":true}]}}