{"id":15726,"date":"2025-01-21T03:22:52","date_gmt":"2025-01-21T03:22:52","guid":{"rendered":"https:\/\/ndiolsikkim.com\/?post_type=product&#038;p=15726"},"modified":"2025-08-30T16:53:40","modified_gmt":"2025-08-30T16:53:40","slug":"shampooing-anti-chute","status":"publish","type":"product","link":"https:\/\/ndiolsikkim.com\/en\/product\/shampooing-anti-chute\/","title":{"rendered":"Shampooing Anti-Chute"},"content":{"rendered":"<div data-elementor-type=\"wp-post\" data-elementor-id=\"15726\" class=\"elementor elementor-15726\">\n\t\t\t\t<div class=\"wd-negative-gap elementor-element elementor-element-7edd5b3 wd-section-stretch opacity-video-bg e-flex e-con-boxed e-con e-parent\" data-id=\"7edd5b3\" data-element_type=\"container\" data-settings=\"{&quot;background_background&quot;:&quot;video&quot;,&quot;background_play_on_mobile&quot;:&quot;yes&quot;}\">\n\t\t\t\t\t<div class=\"e-con-inner\">\n\t\t<div class=\"elementor-element elementor-element-4c3bbcb e-con-full e-flex e-con e-child\" data-id=\"4c3bbcb\" data-element_type=\"container\" data-settings=\"{&quot;background_background&quot;:&quot;classic&quot;}\">\n\t\t\t\t<div class=\"elementor-element elementor-element-6f807ab wd-width-100 elementor-widget elementor-widget-wd_title\" data-id=\"6f807ab\" data-element_type=\"widget\" data-widget_type=\"wd_title.default\">\n\t\t\t\t<div class=\"elementor-widget-container\">\n\t\t\t\t\t\t\t<div class=\"title-wrapper wd-set-mb reset-last-child wd-title-color-white wd-title-style-simple wd-title-size-extra-large text-center\">\n\n\t\t\t\n\t\t\t<div class=\"liner-continer\">\n\t\t\t\t<h4 class=\"woodmart-title-container title wd-fontsize-xxxl\">Shampooing Anti-Chute<\/h4> \n\t\t\t\t\t\t\t<\/div>\n\n\t\t\t\t\t\t\t<div class=\"title-after_title reset-last-child wd-fontsize-s\">\n\t\t\t\t\t<p>\u00a0\u00a0\u00a0\u00a0\u00a0 D\u00e9couvrez l'\u00e9l\u00e9gance du soin ultime pour votre barbe avec notre Shampoing Pr\u00e9cieux, une formulation exquise d\u00e9di\u00e9e \u00e0 nourrir, renforcer et prot\u00e9ger chaque poil. Con\u00e7u pour les connaisseurs de raffinement, ce shampoing allie l'authenticit\u00e9 des ingr\u00e9dients naturels \u00e0 la sophistication d'une texture velout\u00e9e, offrant un nettoyage en profondeur tout en respectant la douceur de votre barbe.<\/p><p>\u00a0\u00a0\u00a0\u00a0\u00a0 Ses actifs enrichis p\u00e9n\u00e8trent d\u00e9licatement les fibres capillaires, revitalisant votre barbe tout en lui conf\u00e9rant une souplesse incomparable. Enrichi de complexes antioxydants, il forme un bouclier protecteur contre les agressions ext\u00e9rieures, tout en offrant un parfum subtil et \u00e9l\u00e9gant qui laisse une sensation de fra\u00eecheur durable.<\/p><p>\u00a0\u00a0\u00a0\u00a0\u00a0\u00a0 Avec une utilisation quotidienne, votre barbe retrouve force et vitalit\u00e9, chaque poil devient plus \u00e9pais, plus r\u00e9sistant, et la peau en dessous est nourrie en profondeur. Offrez \u00e0 votre barbe un soin digne des plus grandes traditions du luxe, pour un confort et une beaut\u00e9 qui ne passent pas inaper\u00e7us.<\/p>\t\t\t\t<\/div>\n\t\t\t\t\t<\/div>\n\t\t\t\t\t\t<\/div>\n\t\t\t\t<\/div>\n\t\t<div class=\"wd-negative-gap elementor-element elementor-element-ff2389b e-flex e-con-boxed e-con e-child\" data-id=\"ff2389b\" data-element_type=\"container\">\n\t\t\t\t\t<div class=\"e-con-inner\">\n\t\t\t\t<div class=\"elementor-element elementor-element-14b2cb0 elementor-widget__width-auto elementor-widget elementor-widget-wd_button\" data-id=\"14b2cb0\" data-element_type=\"widget\" data-widget_type=\"wd_button.default\">\n\t\t\t\t<div class=\"elementor-widget-container\">\n\t\t\t\t\t\t\t<div class=\"wd-button-wrapper text-center\" >\n\t\t\t<a class=\"btn btn-style-default btn-shape-rectangle btn-size-default btn-color-white btn-icon-pos-right\"  href=\"#\">\n\t\t\t\t<span class=\"wd-btn-text\" data-elementor-setting-key=\"text\">\n\t\t\t\t\tADD TO CART\t\t\t\t<\/span>\n\n\t\t\t\t\t\t\t<\/a>\n\t\t<\/div>\n\t\t\t\t\t\t<\/div>\n\t\t\t\t<\/div>\n\t\t\t\t<div class=\"elementor-element elementor-element-7fe91f2 elementor-widget__width-auto elementor-widget elementor-widget-wd_button\" data-id=\"7fe91f2\" data-element_type=\"widget\" data-widget_type=\"wd_button.default\">\n\t\t\t\t<div class=\"elementor-widget-container\">\n\t\t\t\t\t\t\t<div class=\"wd-button-wrapper text-center\" >\n\t\t\t<a class=\"btn btn-style-bordered btn-shape-rectangle btn-size-default btn-color-white btn-icon-pos-right\"  href=\"https:\/\/ndiolsikkim.com\/en\/shop\/\">\n\t\t\t\t<span class=\"wd-btn-text\" data-elementor-setting-key=\"text\">\n\t\t\t\t\tVIEW MORE\t\t\t\t<\/span>\n\n\t\t\t\t\t\t\t<\/a>\n\t\t<\/div>\n\t\t\t\t\t\t<\/div>\n\t\t\t\t<\/div>\n\t\t\t\t\t<\/div>\n\t\t\t\t<\/div>\n\t\t\t\t<\/div>\n\t\t\t\t\t<\/div>\n\t\t\t\t<\/div>\n\t\t<div class=\"wd-negative-gap elementor-element elementor-element-c688935 e-flex e-con-boxed e-con e-parent\" data-id=\"c688935\" data-element_type=\"container\">\n\t\t\t\t\t<div class=\"e-con-inner\">\n\t\t<div class=\"elementor-element elementor-element-b9ead4d e-con-full e-flex e-con e-child\" data-id=\"b9ead4d\" data-element_type=\"container\">\n\t\t\t\t<div class=\"elementor-element elementor-element-e9d3312 wd-width-100 elementor-widget elementor-widget-wd_title\" data-id=\"e9d3312\" data-element_type=\"widget\" data-widget_type=\"wd_title.default\">\n\t\t\t\t<div class=\"elementor-widget-container\">\n\t\t\t\t\t\t\t<div class=\"title-wrapper wd-set-mb reset-last-child wd-title-color-default wd-title-style-default wd-title-size-extra-large text-left\">\n\n\t\t\t\n\t\t\t<div class=\"liner-continer\">\n\t\t\t\t<h4 class=\"woodmart-title-container title wd-fontsize-xxxl\">Suggested use<\/h4> \n\t\t\t\t\t\t\t<\/div>\n\n\t\t\t\t\t\t\t<div class=\"title-after_title reset-last-child wd-fontsize-s\">\n\t\t\t\t\t<ol><li>Fr\u00e9quence d\u2019utilisation\u00a0: 1 \u00e0 2 fois par semaine<\/li><li>Appliquer sur une barbe l\u00e9g\u00e8rement humidifi\u00e9e<\/li><li>Laisser poser 20 \u00e0 30 min<\/li><li>Rincer \u00e0 l\u2019eau ti\u00e8de<\/li><li>S\u00e9cher avec une serviette propre<\/li><\/ol>\t\t\t\t<\/div>\n\t\t\t\t\t<\/div>\n\t\t\t\t\t\t<\/div>\n\t\t\t\t<\/div>\n\t\t\t\t<\/div>\n\t\t<div class=\"elementor-element elementor-element-964e858 text-center e-con-full e-flex e-con e-child\" data-id=\"964e858\" data-element_type=\"container\">\n\t\t\t\t<div class=\"elementor-element elementor-element-69f2882 wd-width-100 elementor-widget elementor-widget-wd_title\" data-id=\"69f2882\" data-element_type=\"widget\" data-widget_type=\"wd_title.default\">\n\t\t\t\t<div class=\"elementor-widget-container\">\n\t\t\t\t\t\t\t<div class=\"title-wrapper wd-set-mb reset-last-child wd-title-color-default wd-title-style-default wd-title-size-extra-large text-center\">\n\n\t\t\t\n\t\t\t<div class=\"liner-continer\">\n\t\t\t\t<h4 class=\"woodmart-title-container title wd-fontsize-xxxl\">What is it for? <\/h4> \n\t\t\t\t\t\t\t<\/div>\n\n\t\t\t\t\t\t\t<div class=\"title-after_title reset-last-child wd-fontsize-s\">\n\t\t\t\t\t<p><strong>Augmente -\u00a0<\/strong>Force - Douceur \u2013 Brillance<\/p><p><strong>R\u00e9duit -\u00a0<\/strong>La s\u00e9cheresse - La casse - Les enchev\u00eatrements<\/p><p><strong>Renforce \u2013<\/strong> Le poil, Les pores- Le cuir<\/p><p><strong>Prot\u00e8ge-<\/strong> Le poil \u2013 Contre les agressions ext\u00e9rieures- Contre les chutes<\/p>\t\t\t\t<\/div>\n\t\t\t\t\t<\/div>\n\t\t\t\t\t\t<\/div>\n\t\t\t\t<\/div>\n\t\t<div class=\"wd-negative-gap elementor-element elementor-element-5d74714 e-flex e-con-boxed e-con e-child\" data-id=\"5d74714\" data-element_type=\"container\">\n\t\t\t\t\t<div class=\"e-con-inner\">\n\t\t\t\t<div class=\"elementor-element elementor-element-31ce620 elementor-widget__width-auto elementor-widget elementor-widget-wd_button\" data-id=\"31ce620\" data-element_type=\"widget\" data-widget_type=\"wd_button.default\">\n\t\t\t\t<div class=\"elementor-widget-container\">\n\t\t\t\t\t\t\t<div class=\"wd-button-wrapper text-center\" >\n\t\t\t<a class=\"btn btn-style-default btn-shape-rectangle btn-size-default btn-color-black btn-icon-pos-right\"  href=\"#\">\n\t\t\t\t<span class=\"wd-btn-text\" data-elementor-setting-key=\"text\">\n\t\t\t\t\tBUY NOW\t\t\t\t<\/span>\n\n\t\t\t\t\t\t\t<\/a>\n\t\t<\/div>\n\t\t\t\t\t\t<\/div>\n\t\t\t\t<\/div>\n\t\t\t\t<div class=\"elementor-element elementor-element-042a2cd elementor-widget__width-auto elementor-widget elementor-widget-wd_button\" data-id=\"042a2cd\" data-element_type=\"widget\" data-widget_type=\"wd_button.default\">\n\t\t\t\t<div class=\"elementor-widget-container\">\n\t\t\t\t\t\t\t<div class=\"wd-button-wrapper text-center\" >\n\t\t\t<a class=\"btn btn-style-bordered btn-shape-rectangle btn-size-default btn-icon-pos-right\"  href=\"https:\/\/ndiolsikkim.com\/en\/shop\/\">\n\t\t\t\t<span class=\"wd-btn-text\" data-elementor-setting-key=\"text\">\n\t\t\t\t\tVIEW MORE\t\t\t\t<\/span>\n\n\t\t\t\t\t\t\t<\/a>\n\t\t<\/div>\n\t\t\t\t\t\t<\/div>\n\t\t\t\t<\/div>\n\t\t\t\t\t<\/div>\n\t\t\t\t<\/div>\n\t\t\t\t<\/div>\n\t\t\t\t\t<\/div>\n\t\t\t\t<\/div>\n\t\t<div class=\"wd-negative-gap elementor-element elementor-element-b5ce986 wd-section-stretch e-flex e-con-boxed e-con e-parent\" data-id=\"b5ce986\" data-element_type=\"container\" data-settings=\"{&quot;background_background&quot;:&quot;classic&quot;}\">\n\t\t\t\t\t<div class=\"e-con-inner\">\n\t\t<div class=\"elementor-element elementor-element-2a1aca3 text-center e-con-full e-flex e-con e-child\" data-id=\"2a1aca3\" data-element_type=\"container\">\n\t\t\t\t<div class=\"elementor-element elementor-element-756815d wd-width-100 elementor-widget elementor-widget-wd_title\" data-id=\"756815d\" data-element_type=\"widget\" data-widget_type=\"wd_title.default\">\n\t\t\t\t<div class=\"elementor-widget-container\">\n\t\t\t\t\t\t\t<div class=\"title-wrapper wd-set-mb reset-last-child wd-title-color-default wd-title-style-default wd-title-size-extra-large text-left\">\n\n\t\t\t\n\t\t\t<div class=\"liner-continer\">\n\t\t\t\t<h4 class=\"woodmart-title-container title wd-fontsize-xxxl\">Product Overview<\/h4> \n\t\t\t\t\t\t\t<\/div>\n\n\t\t\t\t\t\t\t<div class=\"title-after_title reset-last-child wd-fontsize-s\">\n\t\t\t\t\t<ul><li>Huiles biologiques \u00e0 100\u00a0% (Cannabis sativa)<\/li><li>Huile de chanvre<\/li><li>huile de graine de jojoba<\/li><li>huile essentielle de santal<\/li><li>huile essentielle de zeste de pamplemousse<\/li><li>huile de fruit de citrus uranium bergamia<\/li><li>Sans sulfates<\/li><li>Sans parab\u00e8nes<\/li><li>Sans phtalates<\/li><li>Sans colorants artificiels<\/li><li>Sans huile min\u00e9rale<\/li><li>Sans p\u00e9trolatum<\/li><li>Sans allerg\u00e8nes communs<\/li><li>Sans propyl\u00e8ne glycol<\/li><li>Sans formald\u00e9hyde<\/li><li>Sans aluminium m\u00e9tallique<\/li><li>Sans triclosan<\/li><li>Sans tolu\u00e8ne<\/li><li>Sans cruaut\u00e9<\/li><\/ul>\t\t\t\t<\/div>\n\t\t\t\t\t<\/div>\n\t\t\t\t\t\t<\/div>\n\t\t\t\t<\/div>\n\t\t<div class=\"wd-negative-gap elementor-element elementor-element-310d32d e-flex e-con-boxed e-con e-child\" data-id=\"310d32d\" data-element_type=\"container\">\n\t\t\t\t\t<div class=\"e-con-inner\">\n\t\t\t\t<div class=\"elementor-element elementor-element-65d9244 elementor-widget elementor-widget-wd_text_block\" data-id=\"65d9244\" data-element_type=\"widget\" data-widget_type=\"wd_text_block.default\">\n\t\t\t\t<div class=\"elementor-widget-container\">\n\t\t\t\t\t\t\t<div class=\"wd-text-block reset-last-child text-left\">\n\t\t\t\n\t\t\t\n\t\t\t\t\t<\/div>\n\t\t\t\t\t\t<\/div>\n\t\t\t\t<\/div>\n\t\t\t\t\t<\/div>\n\t\t\t\t<\/div>\n\t\t\t\t<\/div>\n\t\t<div class=\"elementor-element elementor-element-0aa440b e-con-full e-flex e-con e-child\" data-id=\"0aa440b\" data-element_type=\"container\">\n\t\t\t\t<div class=\"elementor-element elementor-element-2466969 elementor-widget elementor-widget-image\" data-id=\"2466969\" data-element_type=\"widget\" data-widget_type=\"image.default\">\n\t\t\t\t<div class=\"elementor-widget-container\">\n\t\t\t\t\t\t\t\t\t\t\t\t\t\t\t<img fetchpriority=\"high\" decoding=\"async\" width=\"768\" height=\"1151\" src=\"https:\/\/ndiolsikkim.com\/wp-content\/uploads\/2025\/01\/laboratory-glassware-assortment-with-red-liquids-768x1151.jpg\" class=\"attachment-medium_large size-medium_large wp-image-15744\" alt=\"\" srcset=\"https:\/\/ndiolsikkim.com\/wp-content\/uploads\/2025\/01\/laboratory-glassware-assortment-with-red-liquids-768x1151.jpg 768w, https:\/\/ndiolsikkim.com\/wp-content\/uploads\/2025\/01\/laboratory-glassware-assortment-with-red-liquids-200x300.jpg 200w, https:\/\/ndiolsikkim.com\/wp-content\/uploads\/2025\/01\/laboratory-glassware-assortment-with-red-liquids-534x800.jpg 534w, https:\/\/ndiolsikkim.com\/wp-content\/uploads\/2025\/01\/laboratory-glassware-assortment-with-red-liquids-1024x1536.jpg 1024w, https:\/\/ndiolsikkim.com\/wp-content\/uploads\/2025\/01\/laboratory-glassware-assortment-with-red-liquids-1366x2048.jpg 1366w, https:\/\/ndiolsikkim.com\/wp-content\/uploads\/2025\/01\/laboratory-glassware-assortment-with-red-liquids-430x645.jpg 430w, https:\/\/ndiolsikkim.com\/wp-content\/uploads\/2025\/01\/laboratory-glassware-assortment-with-red-liquids-700x1050.jpg 700w, https:\/\/ndiolsikkim.com\/wp-content\/uploads\/2025\/01\/laboratory-glassware-assortment-with-red-liquids-150x225.jpg 150w, https:\/\/ndiolsikkim.com\/wp-content\/uploads\/2025\/01\/laboratory-glassware-assortment-with-red-liquids-scaled.jpg 1707w\" sizes=\"(max-width: 768px) 100vw, 768px\" \/>\t\t\t\t\t\t\t\t\t\t\t\t\t\t\t<\/div>\n\t\t\t\t<\/div>\n\t\t\t\t<\/div>\n\t\t\t\t\t<\/div>\n\t\t\t\t<\/div>\n\t\t<div class=\"wd-negative-gap elementor-element elementor-element-f80d035 e-flex e-con-boxed e-con e-parent\" data-id=\"f80d035\" data-element_type=\"container\">\n\t\t\t\t\t<div class=\"e-con-inner\">\n\t\t\t\t<div class=\"elementor-element elementor-element-3f14696 wd-width-100 elementor-widget elementor-widget-wd_title\" data-id=\"3f14696\" data-element_type=\"widget\" data-widget_type=\"wd_title.default\">\n\t\t\t\t<div class=\"elementor-widget-container\">\n\t\t\t\t\t\t\t<div class=\"title-wrapper wd-set-mb reset-last-child wd-title-color-default wd-title-style-default wd-title-size-extra-large text-center\">\n\n\t\t\t\n\t\t\t<div class=\"liner-continer\">\n\t\t\t\t<h4 class=\"woodmart-title-container title wd-fontsize-xxxl\">Warnings<\/h4> \n\t\t\t\t\t\t\t<\/div>\n\n\t\t\t\t\t<\/div>\n\t\t\t\t\t\t<\/div>\n\t\t\t\t<\/div>\n\t\t\t\t\t<\/div>\n\t\t\t\t<\/div>\n\t\t<div class=\"wd-negative-gap elementor-element elementor-element-88dcfef e-flex e-con-boxed e-con e-parent\" data-id=\"88dcfef\" data-element_type=\"container\">\n\t\t\t\t\t<div class=\"e-con-inner\">\n\t\t<div class=\"elementor-element elementor-element-92ce43a e-con-full e-flex e-con e-child\" data-id=\"92ce43a\" data-element_type=\"container\">\n\t\t\t\t<div class=\"elementor-element elementor-element-4ffcd4a wd-width-100 elementor-widget elementor-widget-wd_title\" data-id=\"4ffcd4a\" data-element_type=\"widget\" data-widget_type=\"wd_title.default\">\n\t\t\t\t<div class=\"elementor-widget-container\">\n\t\t\t\t\t\t\t<div class=\"title-wrapper wd-set-mb reset-last-child wd-title-color-default wd-title-style-default wd-title-size-medium text-center\">\n\n\t\t\t\n\t\t\t<div class=\"liner-continer\">\n\t\t\t\t<h4 class=\"woodmart-title-container title wd-fontsize-xl\">Attention\u00a0<\/h4> \n\t\t\t\t\t\t\t<\/div>\n\n\t\t\t\t\t\t\t<div class=\"title-after_title reset-last-child wd-fontsize-s\">\n\t\t\t\t\t<p>For external use only. Do not apply to irritated skin or areas affected by rashes. If skin sensitivity occurs, discontinue use and seek medical advice. Avoid contact with eyes. Do not use on children or pets. Do not ingest. Keep out of reach of children.<\/p>\t\t\t\t<\/div>\n\t\t\t\t\t<\/div>\n\t\t\t\t\t\t<\/div>\n\t\t\t\t<\/div>\n\t\t\t\t<\/div>\n\t\t<div class=\"elementor-element elementor-element-105c039 e-con-full e-flex e-con e-child\" data-id=\"105c039\" data-element_type=\"container\">\n\t\t\t\t<div class=\"elementor-element elementor-element-d9425f0 wd-width-100 elementor-widget elementor-widget-wd_title\" data-id=\"d9425f0\" data-element_type=\"widget\" data-widget_type=\"wd_title.default\">\n\t\t\t\t<div class=\"elementor-widget-container\">\n\t\t\t\t\t\t\t<div class=\"title-wrapper wd-set-mb reset-last-child wd-title-color-default wd-title-style-default wd-title-size-medium text-center\">\n\n\t\t\t\n\t\t\t<div class=\"liner-continer\">\n\t\t\t\t<h4 class=\"woodmart-title-container title wd-fontsize-xl\">Disclaimer<\/h4> \n\t\t\t\t\t\t\t<\/div>\n\n\t\t\t\t\t\t\t<div class=\"title-after_title reset-last-child wd-fontsize-s\">\n\t\t\t\t\t<p>While NS strives to ensure the accuracy of its product images and information, some manufacturing changes to packaging and\/or ingredients may be pending update on our site. Although items may occasionally ship with alternate packaging, freshness is always guaranteed. We recommend that you read labels, warnings and directions of all products before use and rely solely on the information provided by NDIOL SIKKIM.<\/p>\t\t\t\t<\/div>\n\t\t\t\t\t<\/div>\n\t\t\t\t\t\t<\/div>\n\t\t\t\t<\/div>\n\t\t\t\t<\/div>\n\t\t\t\t\t<\/div>\n\t\t\t\t<\/div>\n\t\t\t\t<\/div>","protected":false},"excerpt":{"rendered":"<p>Discover the elegance of ultimate beard care with our Precious Shampoo, an exquisite formulation dedicated to nourishing, strengthening, and protecting each hair. Designed for connoisseurs of refinement, this shampoo combines the authenticity of natural ingredients with the sophistication of a velvety texture, providing a deep cleanse while respecting the softness of your beard.<\/p>","protected":false},"featured_media":16226,"comment_status":"open","ping_status":"closed","template":"","meta":{"_themeisle_gutenberg_block_has_review":false,"iawp_total_views":2},"product_brand":[],"product_cat":[72],"product_tag":[],"class_list":{"0":"post-15726","1":"product","2":"type-product","3":"status-publish","4":"has-post-thumbnail","6":"product_cat-shampooings","8":"first","9":"instock","10":"sale","11":"shipping-taxable","12":"purchasable","13":"product-type-variable"},"_links":{"self":[{"href":"https:\/\/ndiolsikkim.com\/en\/wp-json\/wp\/v2\/product\/15726","targetHints":{"allow":["GET"]}}],"collection":[{"href":"https:\/\/ndiolsikkim.com\/en\/wp-json\/wp\/v2\/product"}],"about":[{"href":"https:\/\/ndiolsikkim.com\/en\/wp-json\/wp\/v2\/types\/product"}],"replies":[{"embeddable":true,"href":"https:\/\/ndiolsikkim.com\/en\/wp-json\/wp\/v2\/comments?post=15726"}],"version-history":[{"count":19,"href":"https:\/\/ndiolsikkim.com\/en\/wp-json\/wp\/v2\/product\/15726\/revisions"}],"predecessor-version":[{"id":16287,"href":"https:\/\/ndiolsikkim.com\/en\/wp-json\/wp\/v2\/product\/15726\/revisions\/16287"}],"wp:featuredmedia":[{"embeddable":true,"href":"https:\/\/ndiolsikkim.com\/en\/wp-json\/wp\/v2\/media\/16226"}],"wp:attachment":[{"href":"https:\/\/ndiolsikkim.com\/en\/wp-json\/wp\/v2\/media?parent=15726"}],"wp:term":[{"taxonomy":"product_brand","embeddable":true,"href":"https:\/\/ndiolsikkim.com\/en\/wp-json\/wp\/v2\/product_brand?post=15726"},{"taxonomy":"product_cat","embeddable":true,"href":"https:\/\/ndiolsikkim.com\/en\/wp-json\/wp\/v2\/product_cat?post=15726"},{"taxonomy":"product_tag","embeddable":true,"href":"https:\/\/ndiolsikkim.com\/en\/wp-json\/wp\/v2\/product_tag?post=15726"}],"curies":[{"name":"wp","href":"https:\/\/api.w.org\/{rel}","templated":true}]}}