{"id":16064,"date":"2025-02-01T01:29:39","date_gmt":"2025-02-01T01:29:39","guid":{"rendered":"https:\/\/ndiolsikkim.com\/?page_id=16064"},"modified":"2025-02-04T00:15:20","modified_gmt":"2025-02-04T00:15:20","slug":"a-lorigine-de-ndiol-sikkim","status":"publish","type":"page","link":"https:\/\/ndiolsikkim.com\/en\/a-lorigine-de-ndiol-sikkim\/","title":{"rendered":"\u00c0 l&rsquo;origine de NDIOL\u00a0SIKKIM"},"content":{"rendered":"<div data-elementor-type=\"wp-page\" data-elementor-id=\"16064\" class=\"elementor elementor-16064\">\n\t\t\t\t<div class=\"wd-negative-gap elementor-element elementor-element-cee4efd e-flex e-con-boxed e-con e-parent\" data-id=\"cee4efd\" data-element_type=\"container\">\n\t\t\t\t\t<div class=\"e-con-inner\">\n\t\t<div class=\"elementor-element elementor-element-c00590b e-con-full e-flex e-con e-child\" data-id=\"c00590b\" data-element_type=\"container\">\n\t\t\t\t<div class=\"elementor-element elementor-element-5ec5f6a elementor-widget elementor-widget-wd_image_or_svg\" data-id=\"5ec5f6a\" data-element_type=\"widget\" data-widget_type=\"wd_image_or_svg.default\">\n\t\t\t\t<div class=\"elementor-widget-container\">\n\t\t\t\t\t\n\t\t<div class=\"wd-image text-left\">\n\t\t\t\t\t\t\t\t<img fetchpriority=\"high\" decoding=\"async\" width=\"768\" height=\"1152\" src=\"https:\/\/ndiolsikkim.com\/wp-content\/uploads\/2025\/02\/img-barbre-768x1152.jpg\" class=\"attachment-medium_large size-medium_large\" alt=\"\" srcset=\"https:\/\/ndiolsikkim.com\/wp-content\/uploads\/2025\/02\/img-barbre-768x1152.jpg 768w, https:\/\/ndiolsikkim.com\/wp-content\/uploads\/2025\/02\/img-barbre-200x300.jpg 200w, https:\/\/ndiolsikkim.com\/wp-content\/uploads\/2025\/02\/img-barbre-533x800.jpg 533w, https:\/\/ndiolsikkim.com\/wp-content\/uploads\/2025\/02\/img-barbre-1024x1536.jpg 1024w, https:\/\/ndiolsikkim.com\/wp-content\/uploads\/2025\/02\/img-barbre-1365x2048.jpg 1365w, https:\/\/ndiolsikkim.com\/wp-content\/uploads\/2025\/02\/img-barbre-8x12.jpg 8w, https:\/\/ndiolsikkim.com\/wp-content\/uploads\/2025\/02\/img-barbre-430x645.jpg 430w, https:\/\/ndiolsikkim.com\/wp-content\/uploads\/2025\/02\/img-barbre-700x1050.jpg 700w, https:\/\/ndiolsikkim.com\/wp-content\/uploads\/2025\/02\/img-barbre-150x225.jpg 150w, https:\/\/ndiolsikkim.com\/wp-content\/uploads\/2025\/02\/img-barbre-scaled.jpg 1707w\" sizes=\"(max-width: 768px) 100vw, 768px\" \/>\t\t\t\t\t<\/div>\n\n\t\t\t\t\t\t<\/div>\n\t\t\t\t<\/div>\n\t\t\t\t<\/div>\n\t\t<div class=\"wd-negative-gap elementor-element elementor-element-79fd95c e-flex e-con-boxed e-con e-child\" data-id=\"79fd95c\" data-element_type=\"container\">\n\t\t\t\t\t<div class=\"e-con-inner\">\n\t\t\t\t<div class=\"elementor-element elementor-element-9651cb6 wd-width-100 elementor-widget elementor-widget-wd_title\" data-id=\"9651cb6\" data-element_type=\"widget\" data-widget_type=\"wd_title.default\">\n\t\t\t\t<div class=\"elementor-widget-container\">\n\t\t\t\t\t\t\t<div class=\"title-wrapper wd-set-mb reset-last-child wd-title-color-primary wd-title-style-default wd-title-size-large text-left\">\n\n\t\t\t\n\t\t\t<div class=\"liner-continer\">\n\t\t\t\t<h4 class=\"woodmart-title-container title wd-fontsize-xxl\">\u00c0 l\u2019origine de NDIOL SIKKIM<\/h4> \n\t\t\t\t\t\t\t<\/div>\n\n\t\t\t\t\t<\/div>\n\t\t\t\t\t\t<\/div>\n\t\t\t\t<\/div>\n\t\t\t\t<div class=\"elementor-element elementor-element-83da00d elementor-widget elementor-widget-wd_text_block\" data-id=\"83da00d\" data-element_type=\"widget\" data-widget_type=\"wd_text_block.default\">\n\t\t\t\t<div class=\"elementor-widget-container\">\n\t\t\t\t\t\t\t<div class=\"wd-text-block reset-last-child text-left\">\n\t\t\t\n\t\t\t<p>Tout \u00e0 commencer par un.. R\u00caVE: offrir aux hommes qui prennent soin d'eux, des produits qui respectent leur virilit\u00e9 et leur ajoute une touche de raffinement. Apr\u00e8s des mois de recherche minutieuse, de formulations secr\u00e8tes et de tests m\u00e9ticuleux, voici les produits NDIOL SIKKIM - une marque de cosm\u00e9tiques pour barbe qui transcende les limites du luxe et de la noblesse. Chaque produit est soigneusement con\u00e7u \u00e0 partir d'ingr\u00e9dients biologiques et de haute qualit\u00e9, pour offrir \u00e0 votre barbe LE traitement qu\u2019il m\u00e9rite. Mais ce n'est pas seulement la qualit\u00e9 qui distingue NDIOL SIKKIM. C'est l'histoire derri\u00e8re chaque flacon d'exception, chaque \u00e9crin, chaque goutte. C'est le fruit d'innombrables heures de travail passionn\u00e9, de d\u00e9vouement sans faille et de perfectionnisme obsessionnel, le tout dans le seul but de vous offrir\u00a0le\u00a0meilleur.<\/p>\n\t\t\t\t\t<\/div>\n\t\t\t\t\t\t<\/div>\n\t\t\t\t<\/div>\n\t\t<div class=\"elementor-element elementor-element-5601848 e-con-full e-flex e-con e-child\" data-id=\"5601848\" data-element_type=\"container\">\n\t\t\t\t<div class=\"elementor-element elementor-element-4421100 elementor-widget__width-auto elementor-hidden-phone elementor-widget elementor-widget-wd_social_buttons\" data-id=\"4421100\" data-element_type=\"widget\" data-widget_type=\"wd_social_buttons.default\">\n\t\t\t\t<div class=\"elementor-widget-container\">\n\t\t\t\t\t\t\t\t<div id=\"\" class=\"wd-social-icons wd-style-colored-alt wd-size-small social-follow wd-shape-circle color-scheme-dark text-left\">\n\t\t\t\t\n\t\t\t\t\n\t\t\t\t\t\t\t\t\t<a rel=\"noopener noreferrer nofollow\" href=\"#\" target=\"_blank\" class=\"wd-social-icon social-facebook\" aria-label=\"Facebook social link\">\n\t\t\t\t\t\t<span class=\"wd-icon\"><\/span>\n\t\t\t\t\t\t\t\t\t\t\t<\/a>\n\t\t\t\t\n\t\t\t\t\t\t\t\t\t<a rel=\"noopener noreferrer nofollow\" href=\"#\" target=\"_blank\" class=\"wd-social-icon social-twitter\" aria-label=\"X social link\">\n\t\t\t\t\t\t<span class=\"wd-icon\"><\/span>\n\t\t\t\t\t\t\t\t\t\t\t<\/a>\n\t\t\t\t\n\t\t\t\t\n\t\t\t\t\t\t\t\t\t<a rel=\"noopener noreferrer nofollow\" href=\"#\" target=\"_blank\" class=\"wd-social-icon social-instagram\" aria-label=\"Instagram social link\">\n\t\t\t\t\t\t<span class=\"wd-icon\"><\/span>\n\t\t\t\t\t\t\t\t\t\t\t<\/a>\n\t\t\t\t\n\t\t\t\t\t\t\t\t\t<a rel=\"noopener noreferrer nofollow\" href=\"#\" target=\"_blank\" class=\"wd-social-icon social-youtube\" aria-label=\"YouTube social link\">\n\t\t\t\t\t\t<span class=\"wd-icon\"><\/span>\n\t\t\t\t\t\t\t\t\t\t\t<\/a>\n\t\t\t\t\n\t\t\t\t\t\t\t\t\t<a rel=\"noopener noreferrer nofollow\" href=\"#\" target=\"_blank\" class=\"wd-social-icon social-pinterest\" aria-label=\"Pinterest social link\">\n\t\t\t\t\t\t<span class=\"wd-icon\"><\/span>\n\t\t\t\t\t\t\t\t\t\t\t<\/a>\n\t\t\t\t\n\t\t\t\t\n\t\t\t\t\n\t\t\t\t\n\t\t\t\t\n\t\t\t\t\n\t\t\t\t\n\t\t\t\t\n\t\t\t\t\n\t\t\t\t\n\t\t\t\t\n\t\t\t\t\n\t\t\t\t\n\t\t\t\t\n\t\t\t\t\n\t\t\t\t\n\t\t\t\t\n\t\t\t\t\n\t\t\t\t\n\t\t\t\t\n\t\t\t<\/div>\n\n\t\t\t\t\t\t<\/div>\n\t\t\t\t<\/div>\n\t\t\t\t<\/div>\n\t\t\t\t\t<\/div>\n\t\t\t\t<\/div>\n\t\t\t\t\t<\/div>\n\t\t\t\t<\/div>\n\t\t\t\t<\/div>","protected":false},"excerpt":{"rendered":"<p>\u00c0 l\u2019origine de NDIOL SIKKIM Tout \u00e0 commencer par un.. R\u00caVE: offrir aux hommes qui prennent soin d&rsquo;eux, des produits<\/p>","protected":false},"author":1,"featured_media":0,"parent":0,"menu_order":0,"comment_status":"closed","ping_status":"closed","template":"","meta":{"_themeisle_gutenberg_block_has_review":false,"iawp_total_views":3,"footnotes":""},"class_list":["post-16064","page","type-page","status-publish","hentry"],"_hostinger_reach_plugin_has_subscription_block":false,"_hostinger_reach_plugin_is_elementor":false,"_links":{"self":[{"href":"https:\/\/ndiolsikkim.com\/en\/wp-json\/wp\/v2\/pages\/16064","targetHints":{"allow":["GET"]}}],"collection":[{"href":"https:\/\/ndiolsikkim.com\/en\/wp-json\/wp\/v2\/pages"}],"about":[{"href":"https:\/\/ndiolsikkim.com\/en\/wp-json\/wp\/v2\/types\/page"}],"author":[{"embeddable":true,"href":"https:\/\/ndiolsikkim.com\/en\/wp-json\/wp\/v2\/users\/1"}],"replies":[{"embeddable":true,"href":"https:\/\/ndiolsikkim.com\/en\/wp-json\/wp\/v2\/comments?post=16064"}],"version-history":[{"count":17,"href":"https:\/\/ndiolsikkim.com\/en\/wp-json\/wp\/v2\/pages\/16064\/revisions"}],"predecessor-version":[{"id":16084,"href":"https:\/\/ndiolsikkim.com\/en\/wp-json\/wp\/v2\/pages\/16064\/revisions\/16084"}],"wp:attachment":[{"href":"https:\/\/ndiolsikkim.com\/en\/wp-json\/wp\/v2\/media?parent=16064"}],"curies":[{"name":"wp","href":"https:\/\/api.w.org\/{rel}","templated":true}]}}