{"id":15722,"date":"2025-01-21T02:51:10","date_gmt":"2025-01-21T02:51:10","guid":{"rendered":"https:\/\/ndiolsikkim.com\/?page_id=15722"},"modified":"2025-02-04T00:21:31","modified_gmt":"2025-02-04T00:21:31","slug":"vrp-ndiol-sikkim","status":"publish","type":"page","link":"https:\/\/ndiolsikkim.com\/en\/vrp-ndiol-sikkim\/","title":{"rendered":"VRP NDIOL SIKKIM"},"content":{"rendered":"<div data-elementor-type=\"wp-page\" data-elementor-id=\"15722\" class=\"elementor elementor-15722\">\n\t\t\t\t<div class=\"wd-negative-gap elementor-element elementor-element-d93c241 e-flex e-con-boxed e-con e-parent\" data-id=\"d93c241\" data-element_type=\"container\">\n\t\t\t\t\t<div class=\"e-con-inner\">\n\t\t<div class=\"elementor-element elementor-element-9e379ab e-con-full e-flex e-con e-child\" data-id=\"9e379ab\" data-element_type=\"container\">\n\t\t\t\t<div class=\"elementor-element elementor-element-8f9fe3c wd-width-100 elementor-widget elementor-widget-wd_title\" data-id=\"8f9fe3c\" data-element_type=\"widget\" data-widget_type=\"wd_title.default\">\n\t\t\t\t<div class=\"elementor-widget-container\">\n\t\t\t\t\t\t\t<div class=\"title-wrapper wd-set-mb reset-last-child wd-title-color-default wd-title-style-default wd-title-size-default text-center\">\n\n\t\t\t\n\t\t\t<div class=\"liner-continer\">\n\t\t\t\t<h1 class=\"woodmart-title-container title wd-fontsize-l\">D\u00e9veloppez votre entreprise en tant que<br \/>\npartenaire de NDIOL SIKKIM<\/h1> \n\t\t\t\t\t\t\t<\/div>\n\n\t\t\t\t\t\t\t<div class=\"title-after_title reset-last-child wd-fontsize-xs\">\n\t\t\t\t\t<h4>Travaillons ensemble. Rejoignez notre communaut\u00e9 de partenaires pour mieux servir nos clients communs, cr\u00e9er une situation gagnant-gagnant-gagnant et d\u00e9velopper votre entreprise.<\/h4>\t\t\t\t<\/div>\n\t\t\t\t\t<\/div>\n\t\t\t\t\t\t<\/div>\n\t\t\t\t<\/div>\n\t\t\t\t<div class=\"elementor-element elementor-element-fbf61d3 elementor-widget elementor-widget-wd_button\" data-id=\"fbf61d3\" data-element_type=\"widget\" data-widget_type=\"wd_button.default\">\n\t\t\t\t<div class=\"elementor-widget-container\">\n\t\t\t\t\t\t\t<div class=\"wd-button-wrapper text-center wd-smooth-scroll\"  data-smooth-time=\"100\" data-smooth-offset=\"100\">\n\t\t\t<a class=\"btn btn-style-3d btn-shape-round btn-size-large btn-icon-pos-right\"  href=\"#vrp-form\">\n\t\t\t\t<span class=\"wd-btn-text\" data-elementor-setting-key=\"text\">\n\t\t\t\t\tRejoignez-nous maintenant\t\t\t\t<\/span>\n\n\t\t\t\t\t\t\t\t\t<span class=\"wd-btn-icon\">\n\t\t\t\t\t\t<svg class=\"wd-icon e-font-icon-svg e-fas-arrow-right\" viewbox=\"0 0 448 512\" xmlns=\"http:\/\/www.w3.org\/2000\/svg\"><path d=\"M190.5 66.9l22.2-22.2c9.4-9.4 24.6-9.4 33.9 0L441 239c9.4 9.4 9.4 24.6 0 33.9L246.6 467.3c-9.4 9.4-24.6 9.4-33.9 0l-22.2-22.2c-9.5-9.5-9.3-25 .4-34.3L311.4 296H24c-13.3 0-24-10.7-24-24v-32c0-13.3 10.7-24 24-24h287.4L190.9 101.2c-9.8-9.3-10-24.8-.4-34.3z\"><\/path><\/svg>\t\t\t\t\t<\/span>\n\t\t\t\t\t\t\t<\/a>\n\t\t<\/div>\n\t\t\t\t\t\t<\/div>\n\t\t\t\t<\/div>\n\t\t\t\t<\/div>\n\t\t<div class=\"elementor-element elementor-element-1bbb74b e-con-full e-flex e-con e-child\" data-id=\"1bbb74b\" data-element_type=\"container\">\n\t\t\t\t<div class=\"elementor-element elementor-element-34cd633 elementor-widget elementor-widget-image\" data-id=\"34cd633\" data-element_type=\"widget\" data-widget_type=\"image.default\">\n\t\t\t\t<div class=\"elementor-widget-container\">\n\t\t\t\t\t\t\t\t\t\t\t\t\t\t\t<img fetchpriority=\"high\" decoding=\"async\" width=\"1200\" height=\"800\" src=\"https:\/\/ndiolsikkim.com\/wp-content\/uploads\/2025\/02\/group-happy-workmates-showing-thumbs-up-1200x800.jpg\" class=\"attachment-large size-large wp-image-16086\" alt=\"\" srcset=\"https:\/\/ndiolsikkim.com\/wp-content\/uploads\/2025\/02\/group-happy-workmates-showing-thumbs-up-1200x800.jpg 1200w, https:\/\/ndiolsikkim.com\/wp-content\/uploads\/2025\/02\/group-happy-workmates-showing-thumbs-up-400x267.jpg 400w, https:\/\/ndiolsikkim.com\/wp-content\/uploads\/2025\/02\/group-happy-workmates-showing-thumbs-up-768x512.jpg 768w, https:\/\/ndiolsikkim.com\/wp-content\/uploads\/2025\/02\/group-happy-workmates-showing-thumbs-up-1536x1024.jpg 1536w, https:\/\/ndiolsikkim.com\/wp-content\/uploads\/2025\/02\/group-happy-workmates-showing-thumbs-up-2048x1365.jpg 2048w, https:\/\/ndiolsikkim.com\/wp-content\/uploads\/2025\/02\/group-happy-workmates-showing-thumbs-up-18x12.jpg 18w, https:\/\/ndiolsikkim.com\/wp-content\/uploads\/2025\/02\/group-happy-workmates-showing-thumbs-up-430x287.jpg 430w, https:\/\/ndiolsikkim.com\/wp-content\/uploads\/2025\/02\/group-happy-workmates-showing-thumbs-up-700x467.jpg 700w, https:\/\/ndiolsikkim.com\/wp-content\/uploads\/2025\/02\/group-happy-workmates-showing-thumbs-up-150x100.jpg 150w\" sizes=\"(max-width: 1200px) 100vw, 1200px\" \/>\t\t\t\t\t\t\t\t\t\t\t\t\t\t\t<\/div>\n\t\t\t\t<\/div>\n\t\t\t\t<\/div>\n\t\t\t\t\t<\/div>\n\t\t\t\t<\/div>\n\t\t<div class=\"wd-negative-gap elementor-element elementor-element-fce19ac e-flex e-con-boxed e-con e-parent\" data-id=\"fce19ac\" data-element_type=\"container\">\n\t\t\t\t\t<div class=\"e-con-inner\">\n\t\t\t\t<div class=\"elementor-element elementor-element-579ddc0 elementor-widget elementor-widget-spacer\" data-id=\"579ddc0\" data-element_type=\"widget\" data-widget_type=\"spacer.default\">\n\t\t\t\t<div class=\"elementor-widget-container\">\n\t\t\t\t\t\t\t<div class=\"elementor-spacer\">\n\t\t\t<div class=\"elementor-spacer-inner\"><\/div>\n\t\t<\/div>\n\t\t\t\t\t\t<\/div>\n\t\t\t\t<\/div>\n\t\t\t\t\t<\/div>\n\t\t\t\t<\/div>\n\t\t<div class=\"wd-negative-gap elementor-element elementor-element-a71e90b e-flex e-con-boxed e-con e-parent\" data-id=\"a71e90b\" data-element_type=\"container\">\n\t\t\t\t\t<div class=\"e-con-inner\">\n\t\t<div class=\"elementor-element elementor-element-9e534ed e-con-full e-flex e-con e-child\" data-id=\"9e534ed\" data-element_type=\"container\">\n\t\t\t\t<div class=\"elementor-element elementor-element-e294052 elementor-widget elementor-widget-image\" data-id=\"e294052\" data-element_type=\"widget\" data-widget_type=\"image.default\">\n\t\t\t\t<div class=\"elementor-widget-container\">\n\t\t\t\t\t\t\t\t\t\t\t\t\t\t\t<img decoding=\"async\" width=\"1199\" height=\"800\" src=\"https:\/\/ndiolsikkim.com\/wp-content\/uploads\/2025\/02\/why-us-1199x800.jpg\" class=\"attachment-large size-large wp-image-16102\" alt=\"\" srcset=\"https:\/\/ndiolsikkim.com\/wp-content\/uploads\/2025\/02\/why-us-1199x800.jpg 1199w, https:\/\/ndiolsikkim.com\/wp-content\/uploads\/2025\/02\/why-us-400x267.jpg 400w, https:\/\/ndiolsikkim.com\/wp-content\/uploads\/2025\/02\/why-us-768x513.jpg 768w, https:\/\/ndiolsikkim.com\/wp-content\/uploads\/2025\/02\/why-us-1536x1025.jpg 1536w, https:\/\/ndiolsikkim.com\/wp-content\/uploads\/2025\/02\/why-us-2048x1367.jpg 2048w, https:\/\/ndiolsikkim.com\/wp-content\/uploads\/2025\/02\/why-us-18x12.jpg 18w, https:\/\/ndiolsikkim.com\/wp-content\/uploads\/2025\/02\/why-us-430x287.jpg 430w, https:\/\/ndiolsikkim.com\/wp-content\/uploads\/2025\/02\/why-us-700x467.jpg 700w, https:\/\/ndiolsikkim.com\/wp-content\/uploads\/2025\/02\/why-us-150x100.jpg 150w\" sizes=\"(max-width: 1199px) 100vw, 1199px\" \/>\t\t\t\t\t\t\t\t\t\t\t\t\t\t\t<\/div>\n\t\t\t\t<\/div>\n\t\t\t\t<\/div>\n\t\t<div class=\"elementor-element elementor-element-e848d1a e-con-full e-flex e-con e-child\" data-id=\"e848d1a\" data-element_type=\"container\">\n\t\t\t\t<div class=\"elementor-element elementor-element-1dc4056 wd-width-100 elementor-widget elementor-widget-wd_title\" data-id=\"1dc4056\" data-element_type=\"widget\" data-widget_type=\"wd_title.default\">\n\t\t\t\t<div class=\"elementor-widget-container\">\n\t\t\t\t\t\t\t<div class=\"title-wrapper wd-set-mb reset-last-child wd-title-color-default wd-title-style-default wd-title-size-default text-center\">\n\n\t\t\t\n\t\t\t<div class=\"liner-continer\">\n\t\t\t\t<h1 class=\"woodmart-title-container title wd-fontsize-l\">Pourquoi nous choisir ?<\/h1> \n\t\t\t\t\t\t\t<\/div>\n\n\t\t\t\t\t\t\t<div class=\"title-after_title reset-last-child wd-fontsize-xs\">\n\t\t\t\t\t<p>Notre Vision : Une Beaut\u00e9 Accessible et Entrepreneuriale<\/p>\t\t\t\t<\/div>\n\t\t\t\t\t<\/div>\n\t\t\t\t\t\t<\/div>\n\t\t\t\t<\/div>\n\t\t\t\t<div class=\"elementor-element elementor-element-88119c8 elementor-widget elementor-widget-wd_accordion\" data-id=\"88119c8\" data-element_type=\"widget\" data-widget_type=\"wd_accordion.default\">\n\t\t\t\t<div class=\"elementor-widget-container\">\n\t\t\t\t\t\n\t\t<div class=\"wd-accordion wd-style-default wd-titles-left wd-opener-pos-right wd-opener-style-arrow\" data-state=\"first\">\n\t\t\t\t\t\t\t\n\t\t\t\t<div class=\"wd-accordion-item\">\n\t\t\t\t\t<div class=\"wd-accordion-title wd-active\" data-accordion-index=\"0\">\n\t\t\t\t\t\t<div class=\"wd-accordion-title-text\">\n\t\t\t\t\t\t\t\t\t\t\t\t\t\t<span>\n\t\t\t\t\t\t\t\t1. Une Opportunit\u00e9 Unique pour les Entrepreneurs et VRP\t\t\t\t\t\t\t<\/span>\n\t\t\t\t\t\t<\/div>\n\t\t\t\t\t\t<span class=\"wd-accordion-opener\"><\/span>\n\t\t\t\t\t<\/div>\n\n\t\t\t\t\t<div class=\"wd-accordion-content wd-entry-content wd-active\" data-accordion-index=\"0\">\n\t\t\t\t\t\t\t\t\t\t\t\t\t\n\t\t\t\t\t\t\t<p>Nous proposons une large gamme de cosm\u00e9tiques, y compris des soins de la peau, du maquillage, des soins capillaires et des accessoires de beaut\u00e9. Nos produits sont soigneusement s\u00e9lectionn\u00e9s pour convenir \u00e0 tous les types de peau et \u00e0 tous les besoins.<\/p>\n\t\t\t\t\t\t\t\t\t\t\t\t\t\t\t\t\t\t<\/div>\n\t\t\t\t<\/div>\n\t\t\t\t\t\t\t\n\t\t\t\t<div class=\"wd-accordion-item\">\n\t\t\t\t\t<div class=\"wd-accordion-title\" data-accordion-index=\"1\">\n\t\t\t\t\t\t<div class=\"wd-accordion-title-text\">\n\t\t\t\t\t\t\t\t\t\t\t\t\t\t<span>\n\t\t\t\t\t\t\t\t2. Des Produits de Qualit\u00e9, Naturels et Engag\u00e9s\t\t\t\t\t\t\t<\/span>\n\t\t\t\t\t\t<\/div>\n\t\t\t\t\t\t<span class=\"wd-accordion-opener\"><\/span>\n\t\t\t\t\t<\/div>\n\n\t\t\t\t\t<div class=\"wd-accordion-content wd-entry-content\" data-accordion-index=\"1\">\n\t\t\t\t\t\t\t\t\t\t\t\t\t\n\t\t\t\t\t\t\t<p>Nos cosm\u00e9tiques sont con\u00e7us avec soin, en privil\u00e9giant des <strong>ingr\u00e9dients naturels, des formules respectueuses de la peau et des emballages \u00e9co-responsables<\/strong>. Nous nous engageons \u00e0 offrir des produits <strong>non test\u00e9s sur les animaux<\/strong> et adapt\u00e9s \u00e0 toutes les peaux.<\/p>\n\t\t\t\t\t\t\t\t\t\t\t\t\t\t\t\t\t\t<\/div>\n\t\t\t\t<\/div>\n\t\t\t\t\t\t\t\n\t\t\t\t<div class=\"wd-accordion-item\">\n\t\t\t\t\t<div class=\"wd-accordion-title\" data-accordion-index=\"2\">\n\t\t\t\t\t\t<div class=\"wd-accordion-title-text\">\n\t\t\t\t\t\t\t\t\t\t\t\t\t\t<span>\n\t\t\t\t\t\t\t\t3. Rejoignez une Marque en Pleine Croissance !\t\t\t\t\t\t\t<\/span>\n\t\t\t\t\t\t<\/div>\n\t\t\t\t\t\t<span class=\"wd-accordion-opener\"><\/span>\n\t\t\t\t\t<\/div>\n\n\t\t\t\t\t<div class=\"wd-accordion-content wd-entry-content\" data-accordion-index=\"2\">\n\t\t\t\t\t\t\t\t\t\t\t\t\t\n\t\t\t\t\t\t\t<p>Nous vous accompagnons \u00e0 chaque \u00e9tape pour b\u00e2tir votre succ\u00e8s avec <strong>flexibilit\u00e9 et ind\u00e9pendance<\/strong>. Profitez de notre expertise, de nos formations et d\u2019un mod\u00e8le rentable qui vous permet de travailler \u00e0 votre rythme.<\/p>\n\t\t\t\t\t\t\t\t\t\t\t\t\t\t\t\t\t\t<\/div>\n\t\t\t\t<\/div>\n\t\t\t\t\t<\/div>\n\t\t\t\t\t\t<\/div>\n\t\t\t\t<\/div>\n\t\t\t\t<\/div>\n\t\t\t\t\t<\/div>\n\t\t\t\t<\/div>\n\t\t<div class=\"wd-negative-gap elementor-element elementor-element-30ad485 e-flex e-con-boxed e-con e-parent\" data-id=\"30ad485\" data-element_type=\"container\">\n\t\t\t\t\t<div class=\"e-con-inner\">\n\t\t\t\t<div class=\"elementor-element elementor-element-26f9ea8 elementor-widget elementor-widget-spacer\" data-id=\"26f9ea8\" data-element_type=\"widget\" data-widget_type=\"spacer.default\">\n\t\t\t\t<div class=\"elementor-widget-container\">\n\t\t\t\t\t\t\t<div class=\"elementor-spacer\">\n\t\t\t<div class=\"elementor-spacer-inner\"><\/div>\n\t\t<\/div>\n\t\t\t\t\t\t<\/div>\n\t\t\t\t<\/div>\n\t\t\t\t\t<\/div>\n\t\t\t\t<\/div>\n\t\t<div class=\"wd-negative-gap elementor-element elementor-element-c6779f8 e-flex e-con-boxed e-con e-parent\" data-id=\"c6779f8\" data-element_type=\"container\">\n\t\t\t\t\t<div class=\"e-con-inner\">\n\t\t\t\t<div class=\"elementor-element elementor-element-eb435d0 wd-width-100 elementor-widget elementor-widget-wd_title\" data-id=\"eb435d0\" data-element_type=\"widget\" data-widget_type=\"wd_title.default\">\n\t\t\t\t<div class=\"elementor-widget-container\">\n\t\t\t\t\t\t\t<div class=\"title-wrapper wd-set-mb reset-last-child wd-title-color-default wd-title-style-default wd-title-size-default text-center\">\n\n\t\t\t\n\t\t\t<div class=\"liner-continer\">\n\t\t\t\t<h4 class=\"woodmart-title-container title wd-fontsize-l\">\ud83d\ude80 Devenez partenaire d\u00e8s aujourd\u2019hui ! <br \/>\nContactez-nous pour d\u00e9marrer votre aventure entrepreneuriale.<\/h4> \n\t\t\t\t\t\t\t<\/div>\n\n\t\t\t\t\t<\/div>\n\t\t\t\t\t\t<\/div>\n\t\t\t\t<\/div>\n\t\t\t\t\t<\/div>\n\t\t\t\t<\/div>\n\t\t<div class=\"elementor-element elementor-element-769711a e-flex e-con-boxed e-con e-parent\" data-id=\"769711a\" data-element_type=\"container\">\n\t\t\t\t\t<div class=\"e-con-inner\">\n\t\t\t\t<div class=\"elementor-element elementor-element-642fa14 elementor-widget elementor-widget-wd_contact_form_7\" data-id=\"642fa14\" data-element_type=\"widget\" id=\"vrp-form\" data-widget_type=\"wd_contact_form_7.default\">\n\t\t\t\t<div class=\"elementor-widget-container\">\n\t\t\t\t\t\n<div class=\"wpcf7 no-js\" id=\"wpcf7-f16099-o1\" lang=\"fr-FR\" dir=\"ltr\" data-wpcf7-id=\"16099\">\n<div class=\"screen-reader-response\"><p role=\"status\" aria-live=\"polite\" aria-atomic=\"true\"><\/p> <ul><\/ul><\/div>\n<form action=\"\/en\/wp-json\/wp\/v2\/pages\/15722#wpcf7-f16099-o1\" method=\"post\" class=\"wpcf7-form init\" aria-label=\"Formulaire de contact\" novalidate=\"novalidate\" data-status=\"init\" data-trp-original-action=\"\/en\/wp-json\/wp\/v2\/pages\/15722#wpcf7-f16099-o1\">\n<div style=\"display: none;\">\n<input type=\"hidden\" name=\"_wpcf7\" value=\"16099\" \/>\n<input type=\"hidden\" name=\"_wpcf7_version\" value=\"6.0.6\" \/>\n<input type=\"hidden\" name=\"_wpcf7_locale\" value=\"fr_FR\" \/>\n<input type=\"hidden\" name=\"_wpcf7_unit_tag\" value=\"wpcf7-f16099-o1\" \/>\n<input type=\"hidden\" name=\"_wpcf7_container_post\" value=\"0\" \/>\n<input type=\"hidden\" name=\"_wpcf7_posted_data_hash\" value=\"\" \/>\n<\/div>\n<p><label> Votre nom<br \/>\n<span class=\"wpcf7-form-control-wrap\" data-name=\"your-name\"><input size=\"40\" maxlength=\"400\" class=\"wpcf7-form-control wpcf7-text wpcf7-validates-as-required\" autocomplete=\"name\" aria-required=\"true\" aria-invalid=\"false\" value=\"\" type=\"text\" name=\"your-name\" \/><\/span> <\/label>\n<\/p>\n<p><label> Votre e-mail<br \/>\n<span class=\"wpcf7-form-control-wrap\" data-name=\"your-email\"><input size=\"40\" maxlength=\"400\" class=\"wpcf7-form-control wpcf7-email wpcf7-validates-as-required wpcf7-text wpcf7-validates-as-email\" autocomplete=\"email\" aria-required=\"true\" aria-invalid=\"false\" value=\"\" type=\"email\" name=\"your-email\" \/><\/span> <\/label>\n<\/p>\n<p><label> Objet<br \/>\n<span class=\"wpcf7-form-control-wrap\" data-name=\"your-subject\"><input size=\"40\" maxlength=\"400\" class=\"wpcf7-form-control wpcf7-text wpcf7-validates-as-required\" aria-required=\"true\" aria-invalid=\"false\" value=\"\" type=\"text\" name=\"your-subject\" \/><\/span> <\/label>\n<\/p>\n<p><label> Votre message (facultatif)<br \/>\n<span class=\"wpcf7-form-control-wrap\" data-name=\"your-message\"><textarea cols=\"40\" rows=\"10\" maxlength=\"2000\" class=\"wpcf7-form-control wpcf7-textarea\" aria-invalid=\"false\" name=\"your-message\"><\/textarea><\/span> <\/label>\n<\/p>\n<p><input class=\"wpcf7-form-control wpcf7-submit has-spinner\" type=\"submit\" value=\"Envoyer\" \/>\n<\/p><div class=\"wpcf7-response-output\" aria-hidden=\"true\"><\/div>\n<input type=\"hidden\" name=\"trp-form-language\" value=\"en\"\/><\/form>\n<\/div>\n\t\t\t\t<\/div>\n\t\t\t\t<\/div>\n\t\t\t\t\t<\/div>\n\t\t\t\t<\/div>\n\t\t\t\t<\/div>","protected":false},"excerpt":{"rendered":"<p>D\u00e9veloppez votre entreprise en tant que partenaire de NDIOL SIKKIM Travaillons ensemble. Rejoignez notre communaut\u00e9 de partenaires pour mieux servir<\/p>","protected":false},"author":1,"featured_media":0,"parent":0,"menu_order":0,"comment_status":"closed","ping_status":"closed","template":"","meta":{"_themeisle_gutenberg_block_has_review":false,"iawp_total_views":3,"footnotes":""},"class_list":["post-15722","page","type-page","status-publish","hentry"],"_hostinger_reach_plugin_has_subscription_block":false,"_hostinger_reach_plugin_is_elementor":false,"_links":{"self":[{"href":"https:\/\/ndiolsikkim.com\/en\/wp-json\/wp\/v2\/pages\/15722","targetHints":{"allow":["GET"]}}],"collection":[{"href":"https:\/\/ndiolsikkim.com\/en\/wp-json\/wp\/v2\/pages"}],"about":[{"href":"https:\/\/ndiolsikkim.com\/en\/wp-json\/wp\/v2\/types\/page"}],"author":[{"embeddable":true,"href":"https:\/\/ndiolsikkim.com\/en\/wp-json\/wp\/v2\/users\/1"}],"replies":[{"embeddable":true,"href":"https:\/\/ndiolsikkim.com\/en\/wp-json\/wp\/v2\/comments?post=15722"}],"version-history":[{"count":32,"href":"https:\/\/ndiolsikkim.com\/en\/wp-json\/wp\/v2\/pages\/15722\/revisions"}],"predecessor-version":[{"id":16132,"href":"https:\/\/ndiolsikkim.com\/en\/wp-json\/wp\/v2\/pages\/15722\/revisions\/16132"}],"wp:attachment":[{"href":"https:\/\/ndiolsikkim.com\/en\/wp-json\/wp\/v2\/media?parent=15722"}],"curies":[{"name":"wp","href":"https:\/\/api.w.org\/{rel}","templated":true}]}}